{"id":34028,"date":"2023-01-10T17:06:28","date_gmt":"2023-01-10T17:06:28","guid":{"rendered":"https:\/\/vibefarma.com\/b2b\/?page_id=34028"},"modified":"2023-02-02T11:15:10","modified_gmt":"2023-02-02T11:15:10","slug":"pago","status":"publish","type":"page","link":"https:\/\/staging.vibefarma.com\/b2b\/terminos-condiciones\/pago\/","title":{"rendered":"Formas de Pago"},"content":{"rendered":"\n\t<section class=\"section\" id=\"section_741395686\">\n\t\t<div class=\"section-bg fill\" >\n\t\t\t\t\t\t\t\t\t\n\t\t\t\n\n\t\t<\/div>\n\n\t\t\n\n\t\t<div class=\"section-content relative\">\n\t\t\t\n\t<div id=\"gap-1138260200\" class=\"gap-element clearfix\" style=\"display:block; height:auto;\">\n\t\t\n<style>\n#gap-1138260200 {\n  padding-top: 55px;\n}\n<\/style>\n\t<\/div>\n\t\n<div class=\"row align-center\"  id=\"row-1595510893\">\n\n\t<div id=\"col-66512312\" class=\"col medium-8 small-12 large-6\"  >\n\t\t\t\t<div class=\"col-inner text-center\"  >\n\t\t\t\n\t\t\t\n\t<div id=\"text-2703253445\" class=\"text\">\n\t\t\n<h6>Home \u2022 pago<\/h6>\n\t\t\n<style>\n#text-2703253445 {\n  font-size: 0.8rem;\n}\n<\/style>\n\t<\/div>\n\t\n\t<div id=\"text-725893846\" class=\"text\">\n\t\t\n<h1>formas de pago<\/h1>\n\t\t\n<style>\n#text-725893846 {\n  font-size: 1.5rem;\n}\n<\/style>\n\t<\/div>\n\t\n\t\t<\/div>\n\t\t\t\t\t<\/div>\n\n\t\n<\/div>\n\t\t<\/div>\n\n\t\t\n<style>\n#section_741395686 {\n  padding-top: 20px;\n  padding-bottom: 20px;\n  background-color: rgb(255,255,255);\n}\n@media (min-width:550px) {\n  #section_741395686 {\n    padding-top: 40px;\n    padding-bottom: 40px;\n  }\n}\n<\/style>\n\t<\/section>\n\t\n<div class=\"is-divider divider clearfix\" style=\"margin-top:1.0px;margin-bottom:1.0px;max-width:100%;height:1px;background-color:rgb(237, 237, 237);\"><\/div>\n\n\t<section class=\"section\" id=\"section_957063702\">\n\t\t<div class=\"section-bg fill\" >\n\t\t\t\t\t\t\t\t\t\n\t\t\t\n\n\t\t<\/div>\n\n\t\t\n\n\t\t<div class=\"section-content relative\">\n\t\t\t\n\t<div id=\"gap-2116082594\" class=\"gap-element clearfix\" style=\"display:block; height:auto;\">\n\t\t\n<style>\n#gap-2116082594 {\n  padding-top: 40px;\n}\n<\/style>\n\t<\/div>\n\t\n<div class=\"row align-center\"  id=\"row-1603046190\">\n\n\t<div id=\"col-1571735600\" class=\"col medium-3 small-12 large-3\"  >\n\t\t\t\t<div class=\"col-inner\"  >\n\t\t\t\n\t\t\t\n\t<div class=\"ux-menu stack stack-col justify-start ux-menu--divider-solid\">\n\t\t\n\t<div class=\"ux-menu-link flex menu-item\">\n\t\t<a class=\"ux-menu-link__link flex\" href=\"https:\/\/staging.vibefarma.com\/b2b\/terminos-condiciones\/generales\/\" >\n\t\t\t\t\t\t<span class=\"ux-menu-link__text\">\n\t\t\t\tCondiciones Generales\t\t\t<\/span>\n\t\t<\/a>\n\t<\/div>\n\t\n\t<div class=\"ux-menu-link flex menu-item\">\n\t\t<a class=\"ux-menu-link__link flex\" href=\"https:\/\/staging.vibefarma.com\/b2b\/terminos-condiciones\/privacidad\/\" >\n\t\t\t\t\t\t<span class=\"ux-menu-link__text\">\n\t\t\t\tPrivacidad\t\t\t<\/span>\n\t\t<\/a>\n\t<\/div>\n\t\n\t<div class=\"ux-menu-link flex menu-item\">\n\t\t<a class=\"ux-menu-link__link flex\" href=\"https:\/\/staging.vibefarma.com\/b2b\/terminos-condiciones\/contenidos\/\" >\n\t\t\t\t\t\t<span class=\"ux-menu-link__text\">\n\t\t\t\tContenidos\t\t\t<\/span>\n\t\t<\/a>\n\t<\/div>\n\t\n\t<div class=\"ux-menu-link flex menu-item\">\n\t\t<a class=\"ux-menu-link__link flex\" href=\"https:\/\/staging.vibefarma.com\/b2b\/terminos-condiciones\/envios-entregas\/\" >\n\t\t\t\t\t\t<span class=\"ux-menu-link__text\">\n\t\t\t\tEnv\u00edos y Entregas\t\t\t<\/span>\n\t\t<\/a>\n\t<\/div>\n\t\n\t<div class=\"ux-menu-link flex menu-item\">\n\t\t<a class=\"ux-menu-link__link flex\" href=\"https:\/\/staging.vibefarma.com\/b2b\/terminos-condiciones\/pago\/\" >\n\t\t\t\t\t\t<span class=\"ux-menu-link__text\">\n\t\t\t\tFormas de Pago\t\t\t<\/span>\n\t\t<\/a>\n\t<\/div>\n\t\n\t<div class=\"ux-menu-link flex menu-item\">\n\t\t<a class=\"ux-menu-link__link flex\" href=\"https:\/\/staging.vibefarma.com\/b2b\/terminos-condiciones\/devoluciones\/\" >\n\t\t\t\t\t\t<span class=\"ux-menu-link__text\">\n\t\t\t\tDevoluciones\t\t\t<\/span>\n\t\t<\/a>\n\t<\/div>\n\t\n\t<div class=\"ux-menu-link flex menu-item\">\n\t\t<a class=\"ux-menu-link__link flex\" href=\"https:\/\/staging.vibefarma.com\/b2b\/terminos-condiciones\/datos-productos\/\" >\n\t\t\t\t\t\t<span class=\"ux-menu-link__text\">\n\t\t\t\tDatos Sobre Producto\t\t\t<\/span>\n\t\t<\/a>\n\t<\/div>\n\t\n\t<div class=\"ux-menu-link flex menu-item\">\n\t\t<a class=\"ux-menu-link__link flex\" href=\"https:\/\/staging.vibefarma.com\/b2b\/terminos-condiciones\/reclamaciones\/\" >\n\t\t\t\t\t\t<span class=\"ux-menu-link__text\">\n\t\t\t\tReclamaciones\t\t\t<\/span>\n\t\t<\/a>\n\t<\/div>\n\t\n\t<div class=\"ux-menu-link flex menu-item\">\n\t\t<a class=\"ux-menu-link__link flex\" href=\"https:\/\/staging.vibefarma.com\/b2b\/terminos-condiciones\/garantia\/\" >\n\t\t\t\t\t\t<span class=\"ux-menu-link__text\">\n\t\t\t\tGarant\u00eda de Productos\t\t\t<\/span>\n\t\t<\/a>\n\t<\/div>\n\t\n\t<\/div>\n\t\n\t\t<\/div>\n\t\t\t\t\t<\/div>\n\n\t\n\n\t<div id=\"col-247112070\" class=\"col medium-8 small-12 large-7 small-col-first\"  >\n\t\t\t\t<div class=\"col-inner\"  >\n\t\t\t\n\t\t\t\n<p>En Vibefarma ponemos a su disposici\u00f3n varias formas de pago: tarjeta de cr\u00e9dito: Visa, Visa Electron, Maestro o MasterCard y PayPal.<\/p>\n<p>Todas nuestras transacciones son seguras y sus datos est\u00e1n totalmente protegidos.<\/p>\n<p><strong>Verificaci\u00f3n de la tarjeta de cr\u00e9dito<\/strong><\/p>\n<p><strong>Los usuarios de tarjeta de cr\u00e9dito est\u00e1n sujetos a la validaci\u00f3n y autorizaci\u00f3n de su tarjeta por parte del emisor bancario.<\/strong> Si esta es rechazada, nuestro sistema le informar\u00e1 inmediatamente cuando est\u00e9 finalizando la compra.<\/p>\n<p>Al verificar su pedido, es posible que se divulguen datos como la direcci\u00f3n o el c\u00f3digo postal a efectos de seguridad, prevenci\u00f3n y detecci\u00f3n de fraudes. A pesar de ello, siempre que sus datos sean divulgados, permanecer\u00e1n seguros.<\/p>\n<p><strong>Verified by VISA<\/strong><\/p>\n<p>En Vibefarma trabajamos con VISA para ofrecerle una experiencia de compra m\u00e1s segura siempre que emplee su tarjeta de cr\u00e9dito en internet.<\/p>\n<p><strong>Paypal<\/strong><\/p>\n<p>El usuario podr\u00e1 pagar con tu cuenta de Paypal. Para saber m\u00e1s sobre los pagos con PayPal, accede a la p\u00e1gina web\u00a0<a href=\"https:\/\/www.paypal.com\/\" target=\"_blank\" rel=\"noopener\">paypal.com<\/a><\/p>\n<p>Todos los precios incluyen IVA (si procede) seg\u00fan las tasas legales en vigor.<\/p>\n<p><strong>Solicitud de Factura.<\/strong><\/p>\n<p><span lang=\"ES\"><strong>Por defecto no enviamos la factura en formato electr\u00f3nico.<\/strong>\u00a0Si el usuario desea una copia puede solicitarla a trav\u00e9s del siguiente correo electr\u00f3nico\u00a0<\/span><span lang=\"ES\"><a href=\"mailto:hola@vibefarma.com\"><strong>hola@vibefarma.com<\/strong><\/a><\/span><span lang=\"ES\">\u00a0indicando:<\/span><\/p>\n<ul>\n<li><span lang=\"ES\">NOMBRE (RAZON SOCIAL)<\/span><\/li>\n<li><span lang=\"ES\">APELLIDOS<\/span><\/li>\n<li><span lang=\"ES\">DNI\/CIF<\/span><\/li>\n<li><span lang=\"ES\">DIRECCI\u00d3N<\/span><\/li>\n<li><span lang=\"ES\">N\u00daMERO DE PEDIDO<\/span><\/li>\n<\/ul>\n\t\t<\/div>\n\t\t\t\t\t<\/div>\n\n\t\n<\/div>\n\t\t<\/div>\n\n\t\t\n<style>\n#section_957063702 {\n  padding-top: 10px;\n  padding-bottom: 10px;\n  background-color: rgb(255,255,255);\n}\n<\/style>\n\t<\/section>\n\t\n","protected":false},"excerpt":{"rendered":"","protected":false},"author":1,"featured_media":0,"parent":34000,"menu_order":0,"comment_status":"closed","ping_status":"closed","template":"page-blank.php","meta":{"_daextinma_seo_power":"","_daextinma_enable_ail":"","footnotes":""},"class_list":["post-34028","page","type-page","status-publish","hentry"],"_links":{"self":[{"href":"https:\/\/staging.vibefarma.com\/b2b\/wp-json\/wp\/v2\/pages\/34028","targetHints":{"allow":["GET"]}}],"collection":[{"href":"https:\/\/staging.vibefarma.com\/b2b\/wp-json\/wp\/v2\/pages"}],"about":[{"href":"https:\/\/staging.vibefarma.com\/b2b\/wp-json\/wp\/v2\/types\/page"}],"author":[{"embeddable":true,"href":"https:\/\/staging.vibefarma.com\/b2b\/wp-json\/wp\/v2\/users\/1"}],"replies":[{"embeddable":true,"href":"https:\/\/staging.vibefarma.com\/b2b\/wp-json\/wp\/v2\/comments?post=34028"}],"version-history":[{"count":0,"href":"https:\/\/staging.vibefarma.com\/b2b\/wp-json\/wp\/v2\/pages\/34028\/revisions"}],"up":[{"embeddable":true,"href":"https:\/\/staging.vibefarma.com\/b2b\/wp-json\/wp\/v2\/pages\/34000"}],"wp:attachment":[{"href":"https:\/\/staging.vibefarma.com\/b2b\/wp-json\/wp\/v2\/media?parent=34028"}],"curies":[{"name":"wp","href":"https:\/\/api.w.org\/{rel}","templated":true}]}}