{"id":34830,"date":"2023-01-27T21:27:34","date_gmt":"2023-01-27T21:27:34","guid":{"rendered":"https:\/\/vibefarma.com\/b2b\/?page_id=34830"},"modified":"2024-01-12T16:57:38","modified_gmt":"2024-01-12T15:57:38","slug":"comite-asesor","status":"publish","type":"page","link":"https:\/\/staging.vibefarma.com\/b2b\/comite-asesor\/","title":{"rendered":"Comit\u00e9 Asesor"},"content":{"rendered":"\n\t<section class=\"section\" id=\"section_872280571\">\n\t\t<div class=\"section-bg fill\" >\n\t\t\t\t\t\t\t\t\t\n\t\t\t\n\n\t\t<\/div>\n\n\t\t\n\n\t\t<div class=\"section-content relative\">\n\t\t\t\n\t<div id=\"gap-1290975304\" class=\"gap-element clearfix\" style=\"display:block; height:auto;\">\n\t\t\n<style>\n#gap-1290975304 {\n  padding-top: 55px;\n}\n<\/style>\n\t<\/div>\n\t\n<div class=\"row align-center\"  id=\"row-467368132\">\n\n\t<div id=\"col-2106826966\" class=\"col medium-9 small-12 large-9\"  >\n\t\t\t\t<div class=\"col-inner text-center\"  >\n\t\t\t\n\t\t\t\n\t<div id=\"text-669933980\" class=\"text\">\n\t\t\n<h6>Home \u2022 Expertos<\/h6>\n\t\t\n<style>\n#text-669933980 {\n  font-size: 0.8rem;\n}\n<\/style>\n\t<\/div>\n\t\n\t<div id=\"text-3977982322\" class=\"text\">\n\t\t\n<h1>Comit\u00e9 Asesor<\/h1>\n\t\t\n<style>\n#text-3977982322 {\n  font-size: 1.5rem;\n}\n<\/style>\n\t<\/div>\n\t\n<p>Compuesto por <strong>especialistas<\/strong> en medicina funcional, nutrici\u00f3n y psiconeuroinmunolog\u00eda <strong>que revisan y validan cada uno de los art\u00edculos que publicamos.<\/strong><\/p>\n\t\t<\/div>\n\t\t\t\t\t<\/div>\n\n\t\n<\/div>\n\t\t<\/div>\n\n\t\t\n<style>\n#section_872280571 {\n  padding-top: 5px;\n  padding-bottom: 5px;\n  background-color: rgb(255,255,255);\n}\n<\/style>\n\t<\/section>\n\t\n\n\t<section class=\"section\" id=\"section_1541821899\">\n\t\t<div class=\"section-bg fill\" >\n\t\t\t\t\t\t\t\t\t\n\t\t\t\n\n\t\t<\/div>\n\n\t\t\n\n\t\t<div class=\"section-content relative\">\n\t\t\t\n<div class=\"row row-collapse align-middle align-center\" style=\"max-width:800px\" id=\"row-1131870617\">\n\n\t<div id=\"col-1454029151\" class=\"col medium-3 small-7 large-3\"  >\n\t\t\t\t<div class=\"col-inner text-center\"  >\n\t\t\t\n\t\t\t\n\t<div class=\"img has-hover x md-x lg-x y md-y lg-y\" id=\"image_548622152\">\n\t\t\t\t\t\t\t\t<div class=\"img-inner dark\" style=\"margin:0px 10% 5% 0px;\">\n\t\t\t<img loading=\"lazy\" decoding=\"async\" width=\"250\" height=\"250\" src=\"https:\/\/staging.vibefarma.com\/b2b\/wp-content\/uploads\/2023\/01\/dra-valentina-stamati.webp\" class=\"attachment-large size-large\" alt=\"\" srcset=\"https:\/\/staging.vibefarma.com\/b2b\/wp-content\/uploads\/2023\/01\/dra-valentina-stamati.webp 250w, https:\/\/staging.vibefarma.com\/b2b\/wp-content\/uploads\/2023\/01\/dra-valentina-stamati-100x100.webp 100w, https:\/\/staging.vibefarma.com\/b2b\/wp-content\/uploads\/2023\/01\/dra-valentina-stamati-150x150.webp 150w\" sizes=\"auto, (max-width: 250px) 100vw, 250px\" \/>\t\t\t\t\t\t\n\t\t\t\t\t<\/div>\n\t\t\t\t\t\t\t\t\n<style>\n#image_548622152 {\n  width: 100%;\n}\n@media (min-width:550px) {\n  #image_548622152 {\n    width: 100%;\n  }\n}\n<\/style>\n\t<\/div>\n\t\n\t\t<\/div>\n\t\t\t\t\t<\/div>\n\n\t\n\n\t<div id=\"col-1281284633\" class=\"col medium-8 small-12 large-9\"  >\n\t\t\t\t<div class=\"col-inner\"  >\n\t\t\t\n\t\t\t\n<h3>Dra. Valentina stamati<\/h3>\n<p><strong>M\u00e9dico especialista en PNIE, Anti-envejecimiento y Nutrici\u00f3n Ortomolecular.<\/strong> Promueve la Medicina Integrativa a trav\u00e9s de los medios digitales, <strong>fomentando h\u00e1bitos saludables y nutrici\u00f3n adecuada.<\/strong> Ofrece acompa\u00f1amiento personalizado a todos aquellos que lo necesiten y consultor\u00eda y asesoramiento en desarrollo de productos.<\/p>\n<div class=\"social-icons follow-icons\" style=\"font-size:119%\"><a href=\"https:\/\/www.instagram.com\/dra.stamati.pnie\/\" target=\"_blank\" data-label=\"Instagram\" class=\"icon plain tooltip instagram\" title=\"S\u00edguenos en Instagram\" aria-label=\"S\u00edguenos en Instagram\" rel=\"noopener nofollow\"><i class=\"icon-instagram\" aria-hidden=\"true\"><\/i><\/a><a href=\"https:\/\/www.linkedin.com\/in\/valentinastamati\/\" data-label=\"LinkedIn\" target=\"_blank\" class=\"icon plain tooltip linkedin\" title=\"S\u00edguenos en LinkedIn\" aria-label=\"S\u00edguenos en LinkedIn\" rel=\"noopener nofollow\"><i class=\"icon-linkedin\" aria-hidden=\"true\"><\/i><\/a><\/div>\n\t\t<\/div>\n\t\t\t\t\t<\/div>\n\n\t\n<\/div>\n\t\t<\/div>\n\n\t\t\n<style>\n#section_1541821899 {\n  padding-top: 30px;\n  padding-bottom: 30px;\n}\n<\/style>\n\t<\/section>\n\t\n\n\t<section class=\"section\" id=\"section_68479772\">\n\t\t<div class=\"section-bg fill\" >\n\t\t\t\t\t\t\t\t\t\n\t\t\t\n\n\t\t<\/div>\n\n\t\t\n\n\t\t<div class=\"section-content relative\">\n\t\t\t\n<div class=\"row row-collapse align-middle align-center\" style=\"max-width:800px\" id=\"row-1650183699\">\n\n\t<div id=\"col-1193397239\" class=\"col medium-3 small-7 large-3\"  >\n\t\t\t\t<div class=\"col-inner text-left\"  >\n\t\t\t\n\t\t\t\n\t<div class=\"img has-hover x md-x lg-x y md-y lg-y\" id=\"image_71037438\">\n\t\t\t\t\t\t\t\t<div class=\"img-inner dark\" style=\"margin:0px 10% 5% 0px;\">\n\t\t\t<img loading=\"lazy\" decoding=\"async\" width=\"250\" height=\"250\" src=\"https:\/\/staging.vibefarma.com\/b2b\/wp-content\/uploads\/2023\/01\/Dr.-Stefano-Pizzo.webp\" class=\"attachment-large size-large\" alt=\"\" srcset=\"https:\/\/staging.vibefarma.com\/b2b\/wp-content\/uploads\/2023\/01\/Dr.-Stefano-Pizzo.webp 250w, https:\/\/staging.vibefarma.com\/b2b\/wp-content\/uploads\/2023\/01\/Dr.-Stefano-Pizzo-100x100.webp 100w, https:\/\/staging.vibefarma.com\/b2b\/wp-content\/uploads\/2023\/01\/Dr.-Stefano-Pizzo-150x150.webp 150w\" sizes=\"auto, (max-width: 250px) 100vw, 250px\" \/>\t\t\t\t\t\t\n\t\t\t\t\t<\/div>\n\t\t\t\t\t\t\t\t\n<style>\n#image_71037438 {\n  width: 100%;\n}\n<\/style>\n\t<\/div>\n\t\n\t\t<\/div>\n\t\t\t\t\t<\/div>\n\n\t\n\n\t<div id=\"col-251245594\" class=\"col medium-8 small-12 large-9\"  >\n\t\t\t\t<div class=\"col-inner\"  >\n\t\t\t\n\t\t\t\n<h3>Dr. Stefano pizzo<\/h3>\n<p class=\"p1\"><strong>M\u00e9dico cirujano con formaci\u00f3n en diferentes \u00e1reas relacionadas con la salud y la alimentaci\u00f3n.<\/strong> Acompa\u00f1ando a un <strong>M\u00e1ster Universitario en Nutrici\u00f3n Personalizada y Comunitaria,<\/strong> posee distintas formaciones en Diet\u00e9tica y Dietoterapia, as\u00ed como en Psicolog\u00eda y Psicopatolog\u00eda de la Nutrici\u00f3n. Con a\u00f1os de <strong>experiencia en la atenci\u00f3n m\u00e9dica y diet\u00e9tica de pacientes con diferentes necesidades, se dedica tambi\u00e9n a la redacci\u00f3n y la divulgaci\u00f3n m\u00e9dica<\/strong> bas\u00e1nodose en un definido rigor cient\u00edfico.<\/p>\n<div class=\"social-icons follow-icons\" style=\"font-size:119%\"><a href=\"https:\/\/www.instagram.com\/dr.stefanopizzo\/\" target=\"_blank\" data-label=\"Instagram\" class=\"icon plain tooltip instagram\" title=\"S\u00edguenos en Instagram\" aria-label=\"S\u00edguenos en Instagram\" rel=\"noopener nofollow\"><i class=\"icon-instagram\" aria-hidden=\"true\"><\/i><\/a><a href=\"https:\/\/www.linkedin.com\/in\/stefano-augusto-pizzo-gandino\/\" data-label=\"LinkedIn\" target=\"_blank\" class=\"icon plain tooltip linkedin\" title=\"S\u00edguenos en LinkedIn\" aria-label=\"S\u00edguenos en LinkedIn\" rel=\"noopener nofollow\"><i class=\"icon-linkedin\" aria-hidden=\"true\"><\/i><\/a><\/div>\n\t\t<\/div>\n\t\t\t\t\t<\/div>\n\n\t\n<\/div>\n\t\t<\/div>\n\n\t\t\n<style>\n#section_68479772 {\n  padding-top: 30px;\n  padding-bottom: 30px;\n}\n<\/style>\n\t<\/section>\n\t\n\n\t<section class=\"section\" id=\"section_1737360173\">\n\t\t<div class=\"section-bg fill\" >\n\t\t\t\t\t\t\t\t\t\n\t\t\t\n\n\t\t<\/div>\n\n\t\t\n\n\t\t<div class=\"section-content relative\">\n\t\t\t\n<div class=\"row row-collapse align-middle align-center\" style=\"max-width:800px\" id=\"row-1853438730\">\n\n\t<div id=\"col-775391299\" class=\"col medium-3 small-7 large-3\"  >\n\t\t\t\t<div class=\"col-inner text-left\"  >\n\t\t\t\n\t\t\t\n\t<div class=\"img has-hover x md-x lg-x y md-y lg-y\" id=\"image_501626496\">\n\t\t\t\t\t\t\t\t<div class=\"img-inner dark\" style=\"margin:0px 10% 5% 0px;\">\n\t\t\t<img loading=\"lazy\" decoding=\"async\" width=\"250\" height=\"250\" src=\"https:\/\/staging.vibefarma.com\/b2b\/wp-content\/uploads\/2023\/01\/Dr.-Daniel-Valencia.webp\" class=\"attachment-large size-large\" alt=\"\" srcset=\"https:\/\/staging.vibefarma.com\/b2b\/wp-content\/uploads\/2023\/01\/Dr.-Daniel-Valencia.webp 250w, https:\/\/staging.vibefarma.com\/b2b\/wp-content\/uploads\/2023\/01\/Dr.-Daniel-Valencia-100x100.webp 100w, https:\/\/staging.vibefarma.com\/b2b\/wp-content\/uploads\/2023\/01\/Dr.-Daniel-Valencia-150x150.webp 150w\" sizes=\"auto, (max-width: 250px) 100vw, 250px\" \/>\t\t\t\t\t\t\n\t\t\t\t\t<\/div>\n\t\t\t\t\t\t\t\t\n<style>\n#image_501626496 {\n  width: 100%;\n}\n<\/style>\n\t<\/div>\n\t\n\t\t<\/div>\n\t\t\t\t\t<\/div>\n\n\t\n\n\t<div id=\"col-210407505\" class=\"col medium-8 small-12 large-9\"  >\n\t\t\t\t<div class=\"col-inner\"  >\n\t\t\t\n\t\t\t\n<h3>Dr. Daniel valencia<\/h3>\n<p><strong>M\u00e9dico General y Home\u00f3pata, especialista en medicina funcional, docente con m\u00e1s de 10 a\u00f1os de experiencia.<\/strong> Enfoque en <strong>medicina cl\u00ednica predictiva y regenerativa<\/strong>, as\u00ed como en medicina est\u00e9tica. La educaci\u00f3n y la ense\u00f1anza son una pasi\u00f3n y la constante capacitaci\u00f3n profesional es clave en mi desarrollo. Me esfuerzo por promover la <strong>medicina regenerativa como una opci\u00f3n efectiva para el reestablecimiento de la salud<\/strong>, prevenci\u00f3n y regeneraci\u00f3n celular y org\u00e1nica.<\/p>\n<div class=\"social-icons follow-icons\" style=\"font-size:119%\"><a href=\"https:\/\/www.instagram.com\/dr.dvalencia\/\" target=\"_blank\" data-label=\"Instagram\" class=\"icon plain tooltip instagram\" title=\"S\u00edguenos en Instagram\" aria-label=\"S\u00edguenos en Instagram\" rel=\"noopener nofollow\"><i class=\"icon-instagram\" aria-hidden=\"true\"><\/i><\/a><a href=\"https:\/\/www.linkedin.com\/in\/drdvalencia\/\" data-label=\"LinkedIn\" target=\"_blank\" class=\"icon plain tooltip linkedin\" title=\"S\u00edguenos en LinkedIn\" aria-label=\"S\u00edguenos en LinkedIn\" rel=\"noopener nofollow\"><i class=\"icon-linkedin\" aria-hidden=\"true\"><\/i><\/a><\/div>\n\t\t<\/div>\n\t\t\t\t\t<\/div>\n\n\t\n<\/div>\n\t\t<\/div>\n\n\t\t\n<style>\n#section_1737360173 {\n  padding-top: 30px;\n  padding-bottom: 30px;\n}\n<\/style>\n\t<\/section>\n\t\n\n\t<section class=\"section\" id=\"section_1473163270\">\n\t\t<div class=\"section-bg fill\" >\n\t\t\t\t\t\t\t\t\t\n\t\t\t\n\n\t\t<\/div>\n\n\t\t\n\n\t\t<div class=\"section-content relative\">\n\t\t\t\n<div class=\"row row-collapse align-middle align-center\" style=\"max-width:800px\" id=\"row-2022485603\">\n\n\t<div id=\"col-239137517\" class=\"col medium-3 small-7 large-3\"  >\n\t\t\t\t<div class=\"col-inner text-left\"  >\n\t\t\t\n\t\t\t\n\t<div class=\"img has-hover x md-x lg-x y md-y lg-y\" id=\"image_633078352\">\n\t\t\t\t\t\t\t\t<div class=\"img-inner dark\" style=\"margin:0px 10% 5% 0px;\">\n\t\t\t<img loading=\"lazy\" decoding=\"async\" width=\"250\" height=\"250\" src=\"https:\/\/staging.vibefarma.com\/b2b\/wp-content\/uploads\/2023\/01\/dr-alberto-parra_1.webp\" class=\"attachment-large size-large\" alt=\"\" srcset=\"https:\/\/staging.vibefarma.com\/b2b\/wp-content\/uploads\/2023\/01\/dr-alberto-parra_1.webp 250w, https:\/\/staging.vibefarma.com\/b2b\/wp-content\/uploads\/2023\/01\/dr-alberto-parra_1-100x100.webp 100w, https:\/\/staging.vibefarma.com\/b2b\/wp-content\/uploads\/2023\/01\/dr-alberto-parra_1-150x150.webp 150w\" sizes=\"auto, (max-width: 250px) 100vw, 250px\" \/>\t\t\t\t\t\t\n\t\t\t\t\t<\/div>\n\t\t\t\t\t\t\t\t\n<style>\n#image_633078352 {\n  width: 100%;\n}\n<\/style>\n\t<\/div>\n\t\n\t\t<\/div>\n\t\t\t\t\t<\/div>\n\n\t\n\n\t<div id=\"col-626870965\" class=\"col medium-8 small-12 large-9\"  >\n\t\t\t\t<div class=\"col-inner\"  >\n\t\t\t\n\t\t\t\n<h3>Dr. Alberto parra<\/h3>\n<p><strong>M\u00e9dico cirujano y ecografista integral<\/strong> con m\u00e1s de 6 a\u00f1os de experiencia como profesional independiente en el \u00e1rea de <strong>consultor\u00eda m\u00e9dica e investigaci\u00f3n para desarrollo de productos y servicios de promoci\u00f3n de salud.<\/strong> Investigador, editor, y columnista en revistas y blogs de salud natural y medicina alternativa.<\/p>\n<div class=\"social-icons follow-icons\" style=\"font-size:119%\"><a href=\"https:\/\/www.linkedin.com\/in\/alparra87\/\" data-label=\"LinkedIn\" target=\"_blank\" class=\"icon plain tooltip linkedin\" title=\"S\u00edguenos en LinkedIn\" aria-label=\"S\u00edguenos en LinkedIn\" rel=\"noopener nofollow\"><i class=\"icon-linkedin\" aria-hidden=\"true\"><\/i><\/a><\/div>\n\t\t<\/div>\n\t\t\t\t\t<\/div>\n\n\t\n<\/div>\n\t\t<\/div>\n\n\t\t\n<style>\n#section_1473163270 {\n  padding-top: 30px;\n  padding-bottom: 30px;\n}\n<\/style>\n\t<\/section>\n\t\n","protected":false},"excerpt":{"rendered":"","protected":false},"author":1,"featured_media":0,"parent":0,"menu_order":0,"comment_status":"closed","ping_status":"closed","template":"","meta":{"_daextinma_seo_power":"","_daextinma_enable_ail":"","footnotes":""},"class_list":["post-34830","page","type-page","status-publish","hentry"],"_links":{"self":[{"href":"https:\/\/staging.vibefarma.com\/b2b\/wp-json\/wp\/v2\/pages\/34830","targetHints":{"allow":["GET"]}}],"collection":[{"href":"https:\/\/staging.vibefarma.com\/b2b\/wp-json\/wp\/v2\/pages"}],"about":[{"href":"https:\/\/staging.vibefarma.com\/b2b\/wp-json\/wp\/v2\/types\/page"}],"author":[{"embeddable":true,"href":"https:\/\/staging.vibefarma.com\/b2b\/wp-json\/wp\/v2\/users\/1"}],"replies":[{"embeddable":true,"href":"https:\/\/staging.vibefarma.com\/b2b\/wp-json\/wp\/v2\/comments?post=34830"}],"version-history":[{"count":0,"href":"https:\/\/staging.vibefarma.com\/b2b\/wp-json\/wp\/v2\/pages\/34830\/revisions"}],"wp:attachment":[{"href":"https:\/\/staging.vibefarma.com\/b2b\/wp-json\/wp\/v2\/media?parent=34830"}],"curies":[{"name":"wp","href":"https:\/\/api.w.org\/{rel}","templated":true}]}}