{"id":12506,"date":"2023-01-03T15:40:32","date_gmt":"2023-01-03T15:40:32","guid":{"rendered":"https:\/\/vibefarma.com\/b2b\/?post_type=product&#038;p=12506"},"modified":"2025-06-25T11:32:24","modified_gmt":"2025-06-25T09:32:24","slug":"omega-3-con-vitamina-d-essentials","status":"publish","type":"product","link":"https:\/\/staging.vibefarma.com\/b2b\/tienda\/omega-3-con-vitamina-d-essentials\/","title":{"rendered":"Omega 3 Essentials (con Vitamina D3)"},"content":{"rendered":"<h2><span style=\"font-size: 90%;\">&#x1f41f;&#x2600;&#xfe0f; Omega 3 con Vitamina D3 &#8211; Essentials de Vibefarma<\/span><\/h2>\n<p>El Omega 3 Essentials con vitamina D3 de Vibefarma es un <strong>complemento alimenticio<\/strong> a base de <strong>Omega 3<\/strong> en forma de <strong>triglic\u00e9rido natural<\/strong> con un m\u00ednimo del 65% de EPA y DHA, <strong>proporcionando al menos 720 mg de EPA, 480 mg de DHA y 2000 UI de Vitamina D3 con la Dosis Diaria Recomendada (2 c\u00e1psulas).<\/strong> Adem\u00e1s, est\u00e1 <strong>garantizada la pureza y calidad<\/strong> al estar libre de metales pesados y t\u00f3xicos, con certificaciones IFOS&#x2122; y sello GOED Omega 3&#x2122;.<\/p>\n<p>Este <strong>complemento es esencial<\/strong> para una <strong>dieta saludable y balanceada<\/strong>, y es ideal para personas que quiera consumir de forma recurrente dos ingredientes clave para la salud.<\/p>\n\t<div id=\"gap-1896260693\" class=\"gap-element clearfix\" style=\"display:block; height:auto;\">\n\t\t\n<style>\n#gap-1896260693 {\n  padding-top: 30px;\n}\n<\/style>\n\t<\/div>\n\t\n<div class=\"row row-small row-full-width align-equal\"  id=\"row-191396924\">\n\n\t<div id=\"col-1816950424\" class=\"col small-12 large-12\"  >\n\t\t\t\t<div class=\"col-inner\"  >\n\t\t\t\n\t\t\t\n<h3><span style=\"font-size: 90%;\">&#x2705; Libre de metales pesados y t\u00f3xicos, <strong>Certificado IFOS&#x2122; y sello GOED Omega 3<\/strong><strong>&#x2122;<\/strong><\/span><\/h3>\n<p>Nuestro producto ha obtenido el certificado IFOS&#x2122;, lo cual garantiza que se trata del mejor Omega 3 para tu salud. Adem\u00e1s, ha pasado rigurosos an\u00e1lisis para asegurar que cumple con las concentraciones de EPA y DHA indicadas en la etiqueta. Asimismo, se ha comprobado que no contiene niveles de contaminantes, como metales pesados y t\u00f3xicos, que superen los l\u00edmites seguros establecidos por autoridades mundiales en salud como la EFSA, el CRN y GOED Omega 3.<\/p>\n<p>Este <strong>suplemento de Omega 3 con vitamina D3 de vibefarma es una elecci\u00f3n perfecta para aquellos que buscan mejorar su salud y bienestar.<\/strong> Con su alta concentraci\u00f3n de Omega 3 y Vitamina D3 podr\u00e1s obtener todos los beneficios que el Omega 3 tiene para ofrecer. No pierdas m\u00e1s tiempo, mejora tu salud y bienestar con Omega 3 Essentials de Vibefarma. Haz tu pedido hoy mismo y empieza a disfrutar de todos los beneficios que el Omega 3 tiene para ofrecer.<\/p>\n<a href=\"https:\/\/certifications.nutrasource.ca\/certified-products\/product?id=VINU0003\" target=\"_blank\" class=\"button secondary\" rel=\"noopener\" >\n\t\t<span>Ver Certificado IFOS&#x2122;<\/span>\n\t<\/a>\n\n\t\t<\/div>\n\t\t\t\t\t<\/div>\n\n\t\n\n<style>\n#row-191396924 > .col > .col-inner {\n  padding: 8% 8% 8% 8%;\n  background-color: #f0f6f9;\n  border-radius: 25px;\n}\n<\/style>\n<\/div>\n<div class=\"row row-small row-full-width align-equal\"  id=\"row-1475173001\">\n\n\t<div id=\"col-2115012522\" class=\"col medium-8 small-12 large-8\"  >\n\t\t\t\t<div class=\"col-inner\" style=\"background-color:#f4f1dc;\" >\n\t\t\t\n\t\t\t\n<h3><span style=\"font-size: 90%;\"><strong>&#x1f44d; <\/strong><\/span>Beneficios del Omega 3 con vitamina D3<\/h3>\n<p><strong>Los \u00e1cidos grasos Omega 3 son esenciales para el cuerpo<\/strong>, ya que forman parte de las membranas celulares y la estructura del cerebro. Tomarlos diariamente en las cantidades adecuadas <strong>contribuye al mantenimiento de la funci\u00f3n normal del coraz\u00f3n, el cerebro y la vista.<\/strong> Reconocido por la ciencia por su importancia en la salud, el Omega 3 es un nutriente esencial para tener una dieta saludable y equilibrada.<\/p>\n<p><i class=\"ri-shield-check-line\"><\/i> El EPA (\u00c1cido Eicosapentanoicio) y DHA <strong>contribuyen a la funci\u00f3n normal del coraz\u00f3n*.<\/strong><br \/>\n<i class=\"ri-shield-check-line\"><\/i> El DHA (\u00c1cido Docosahexaenoico) <strong>contribuye al mantenimiento de la funci\u00f3n cerebral normal*.<\/strong><br \/>\n<i class=\"ri-shield-check-line\"><\/i> El DHA\u00a0<strong>contribuye al mantenimiento de la visi\u00f3n normal*<\/strong><\/p>\n<p><span style=\"font-size: 75%;\">*Referencia: Comisi\u00f3n Europea (EC) No 1924\/2006 de 20 de diciembre de 2006, relativa a las declaraciones de propiedades saludables de los alimentos.<\/span><\/p>\n\t\t<\/div>\n\t\t\t\t\t<\/div>\n\n\t\n\n\t<div id=\"col-729604961\" class=\"col medium-4 small-12 large-4\"  >\n\t\t\t\t<div class=\"col-inner\"  >\n\t\t\t\n\t\t\t\n<h3><span style=\"font-size: 90%; color: #333333;\">&#x1f31f; Caracter\u00edsticas del Omega 3 con vitamina D3 Essentials<\/span><\/h3>\n<p><i class=\"ri-checkbox-circle-fill\"><\/i><strong>Aceite de pescado purificado<\/strong><br \/>\n<i class=\"ri-checkbox-circle-fill\"><\/i> <strong>Alto contenido en Omega 3<\/strong>, con un m\u00ednimo del 65% en forma de triglic\u00e9rido<br \/>\n<i class=\"ri-checkbox-circle-fill\"><\/i> Asegurando <strong>360 mg de EPA y 240 mg de DHA, por c\u00e1psula.<\/strong> (Ratio 3:2)<br \/>\n<i class=\"ri-checkbox-circle-fill\"><\/i> <strong>Combinado con 1000 UI de Vitamina D3, por c\u00e1psula<\/strong><br \/>\n<i class=\"ri-checkbox-circle-fill\"><\/i> Libre de metales pesados y t\u00f3xicos, <strong>Certificado IFOS&#x2122; y sello GOED Omega 3<\/strong><\/p>\n\t\t<\/div>\n\t\t\t\t\t<\/div>\n\n\t\n\n<style>\n#row-1475173001 > .col > .col-inner {\n  padding: 8% 8% 8% 8%;\n  background-color: #d2ffd2;\n  border-radius: 25px;\n}\n<\/style>\n<\/div>\n<div class=\"row row-full-width\"  id=\"row-1793289499\">\n\n\t<div id=\"col-1808875471\" class=\"col medium-4 small-12 large-4\"  >\n\t\t\t\t<div class=\"col-inner\" style=\"background-color:#f0f6f9;\" >\n\t\t\t\n\t\t\t\n<h3><span style=\"font-size: 90%;\">&#x2696;&#xfe0f; Alto contenido en Omega 3, min. 65%<\/span><\/h3>\n<p>Nuestro <strong>proceso de fabricaci\u00f3n cuenta con un alto grado farmac\u00e9utico<\/strong>, lo que permite obtener una elevada concentraci\u00f3n de omega-3, <strong>alcanzando al menos un 65% de \u00e1cidos grasos esenciales.<\/strong> Adem\u00e1s, contiene <strong>niveles notables de EPA y DHA, espec\u00edficamente de 360 y 240 respectivamente.<\/strong><\/p>\n\t\t<\/div>\n\t\t\t\t\n<style>\n#col-1808875471 > .col-inner {\n  padding: 8% 8% 8% 8%;\n  border-radius: 25px;\n}\n<\/style>\n\t<\/div>\n\n\t\n\n\t<div id=\"col-1711219564\" class=\"col medium-8 small-12 large-8\"  >\n\t\t\t\t<div class=\"col-inner\" style=\"background-color:#f5df85;\" >\n\t\t\t\n\t\t\t\n<h3><span style=\"font-size: 90%;\">&#x2600;&#xfe0f; Combinado con 1000 UI de Vitamina D3<\/span><\/h3>\n<p>Nuestro producto es especialmente valioso debido a la <strong>combinaci\u00f3n de Omega 3 con vitamina D3<\/strong> que ofrecemos. Los estudios han demostrado que esta combinaci\u00f3n <strong>tiene un efecto sin\u00e9rgico, lo que significa que juntos pueden proporcionar beneficios adicionales para la salud<\/strong> en comparaci\u00f3n con cualquiera de estos nutrientes por separado. Adem\u00e1s, <strong>nuestro Omega 3 con vitamina D3 &#8211; Essentials aporta 1000 UI de vitamina D3 por c\u00e1psula<\/strong>, lo que refuerza a\u00fan m\u00e1s los beneficios para la salud, especialmente en lo que se refiere a la salud \u00f3sea y del sistema inmunol\u00f3gico. En resumen, el Omega 3 Essentials de vibefarma es una<strong> excelente opci\u00f3n para aquellos que buscan mejorar su salud de manera integral.<\/strong><\/p>\n\t\t<\/div>\n\t\t\t\t\n<style>\n#col-1711219564 > .col-inner {\n  padding: 8% 8% 8% 8%;\n  border-radius: 25px;\n}\n<\/style>\n\t<\/div>\n\n\t\n<\/div>\n<h3><span style=\"font-size: 90%;\">&#x1f41f; Aceite de pescado purificado de Grado Farmac\u00e9utico.<\/span><\/h3>\n<p>Para la fabricaci\u00f3n de este aceite son <strong>utilizados pescados peque\u00f1os como la caballa, sardina y la anchoa,<\/strong> que son capturados en la corriente de Humboldt, en las costas de Per\u00fa y Chile. <strong>Los peces peque\u00f1os tienen menos posibilidades de acumular metales pesados y t\u00f3xicos<\/strong> en su organismo al estar al inicio de la cadena alimentaria.<\/p>\n<p><strong>El aceite de pescado purificado es sometido a un exigente proceso de grado farmac\u00e9utico que combina las tecnolog\u00edas m\u00e1s avanzadas en la industria de los l\u00edpidos<\/strong> como la destilaci\u00f3n molecular y cromatograf\u00eda para separar los \u00e1cidos grasos Omega-3 del resto de los \u00e1cidos grasos. El proceso enzim\u00e1tico para reconstituir la forma de triglic\u00e9ridos naturales para una mejor absorci\u00f3n por parte de nuestro organismo, la purga de nitr\u00f3geno para eliminaci\u00f3n de metales pesados, PCBs, dioxinas y otros contaminantes, y la desodorizaci\u00f3n, para elimina el olor y sabor residual.<\/p>\n\t<div id=\"gap-756761448\" class=\"gap-element clearfix\" style=\"display:block; height:auto;\">\n\t\t\n<style>\n#gap-756761448 {\n  padding-top: 30px;\n}\n<\/style>\n\t<\/div>\n\t\n<h3>&#x26a1; <span style=\"font-size: 90%;\"><strong>Composici\u00f3n e ingredientes<\/strong><\/span><\/h3>\n<p>Por dos c\u00e1psulas.<\/p>\n<table border=\"0\" cellspacing=\"0\" cellpadding=\"0\">\n<tbody>\n<tr>\n<td><strong>Aceite de pescado purificado<\/strong><\/td>\n<td><strong>2000 mg<\/strong><\/td>\n<\/tr>\n<tr>\n<td>&#8211; Omega 3 min. 65% (triglic\u00e9rido)<\/td>\n<td>1300 mg<\/td>\n<\/tr>\n<tr>\n<td><em>de los cuales:<\/em><\/td>\n<\/tr>\n<tr>\n<td>&#8211; EPA (\u00c1cido Eicosapentanoico) (36%)<\/td>\n<td>720 mg<\/td>\n<\/tr>\n<tr>\n<td>&#8211; DHA (\u00c1cido Docosahexaenoico) (24%)<\/td>\n<td>480 mg<\/td>\n<\/tr>\n<tr>\n<td>Vitamina D<\/td>\n<td>50 \u03bcg (1000% VRN*)<\/td>\n<\/tr>\n<\/tbody>\n<\/table>\n<p>*VRN: Valores de Referencia de Nutrientes para vitaminas y minerales.<\/p>\n\t<div id=\"gap-1895994428\" class=\"gap-element clearfix\" style=\"display:block; height:auto;\">\n\t\t\n<style>\n#gap-1895994428 {\n  padding-top: 30px;\n}\n<\/style>\n\t<\/div>\n\t\n<p><strong>&#x1f9ea; Ingredientes:<\/strong> Aceite de pescado purificado (36% EPA y 24% DHA), vitamina D3 (colecalciferol). Perla: Gelatina bovina, humectante (glicerina vegetal) y agua. <strong>Al\u00e9rgenos:<\/strong> Contiene pescado. Sin Gluten, Sin Lactosa.<\/p>\n<p><strong>&#x2705; Dosis diaria recomendada:<\/strong> 2 c\u00e1psulas. <strong>Modo de empleo:<\/strong> Adultos tomar 2 c\u00e1psulas al d\u00eda.<\/p>\n<p>\n\t<div id=\"gap-677265891\" class=\"gap-element clearfix\" style=\"display:block; height:auto;\">\n\t\t\n<style>\n#gap-677265891 {\n  padding-top: 30px;\n}\n<\/style>\n\t<\/div>\n\t\n\n<h3><span style=\"font-size: 90%;\">&#x26a0;&#xfe0f; <strong>Advertencias<\/strong><\/span><\/h3>\n<p><strong>&#x1f6ab; No superar<\/strong> la dosis diaria expresamente recomendada.<br \/>&#x1f476; <strong>Mantener fuera del alcance<\/strong> de los ni\u00f1os m\u00e1s peque\u00f1os.<br \/>&#x1f957; <strong>Los complementos alimenticios<\/strong> no deben utilizarse como sustitutos de una dieta equilibrada y variada ni un modo de vida sano.<br \/>&#x2744;&#xfe0f; <strong>Almacene en un lugar fresco, seco y alejado de la luz solar directa.<\/strong><br \/>&#x1f512; <strong>No use este producto<\/strong> si el sello de seguridad est\u00e1 roto o falta.<\/p>\n","protected":false},"excerpt":{"rendered":"<p>&#x1f41f; <strong>Aceite de pescado purificado en forma de triglic\u00e9rido natural (TG<\/strong>). Con un m\u00ednimo del 65% de Omega 3, <strong>asegurando al menos 720 mg de EPA y 480 mg de DHA por dosis diaria. &#x2600;&#xfe0f; Combinado con 2000 UI de Vitamina D3<\/strong>, que contribuye al funcionamiento normal del sistema inmunitario &#x1f6e1;&#xfe0f;. &#x2705; Libre de metales pesados y t\u00f3xicos, <strong>respaldado por el Certificado IFOS&#x2122; y el sello GOED Omega 3&#x2122;<\/strong>.<\/p>\n","protected":false},"featured_media":12509,"template":"","meta":{"_daextinma_seo_power":"","_daextinma_enable_ail":""},"product_brand":[140],"product_cat":[20],"product_tag":[114],"class_list":{"0":"post-12506","1":"product","2":"type-product","3":"status-publish","4":"has-post-thumbnail","6":"product_brand-vibefarma","7":"product_cat-omega-3-ifos-certificado","8":"product_tag-essentials","10":"first","11":"instock","12":"taxable","13":"shipping-taxable","14":"purchasable","15":"product-type-variable","16":"has-default-attributes"},"_links":{"self":[{"href":"https:\/\/staging.vibefarma.com\/b2b\/wp-json\/wp\/v2\/product\/12506","targetHints":{"allow":["GET"]}}],"collection":[{"href":"https:\/\/staging.vibefarma.com\/b2b\/wp-json\/wp\/v2\/product"}],"about":[{"href":"https:\/\/staging.vibefarma.com\/b2b\/wp-json\/wp\/v2\/types\/product"}],"wp:featuredmedia":[{"embeddable":true,"href":"https:\/\/staging.vibefarma.com\/b2b\/wp-json\/wp\/v2\/media\/12509"}],"wp:attachment":[{"href":"https:\/\/staging.vibefarma.com\/b2b\/wp-json\/wp\/v2\/media?parent=12506"}],"wp:term":[{"taxonomy":"product_brand","embeddable":true,"href":"https:\/\/staging.vibefarma.com\/b2b\/wp-json\/wp\/v2\/product_brand?post=12506"},{"taxonomy":"product_cat","embeddable":true,"href":"https:\/\/staging.vibefarma.com\/b2b\/wp-json\/wp\/v2\/product_cat?post=12506"},{"taxonomy":"product_tag","embeddable":true,"href":"https:\/\/staging.vibefarma.com\/b2b\/wp-json\/wp\/v2\/product_tag?post=12506"}],"curies":[{"name":"wp","href":"https:\/\/api.w.org\/{rel}","templated":true}]}}