{"id":12707,"date":"2023-01-07T16:38:49","date_gmt":"2023-01-07T16:38:49","guid":{"rendered":"https:\/\/vibefarma.com\/b2b\/?post_type=product&#038;p=12707"},"modified":"2025-06-25T11:32:24","modified_gmt":"2025-06-25T09:32:24","slug":"magnesio-essentials","status":"publish","type":"product","link":"https:\/\/staging.vibefarma.com\/b2b\/tienda\/magnesio-essentials\/","title":{"rendered":"Magnesio Essentials"},"content":{"rendered":"<h2><span style=\"font-size: 90%;\"><span style=\"color: #555555;\">&#x1f31f;<\/span> Magnesio Essentials de Vibefarma<\/span><\/h2>\n<p>Este suplemento aporta <strong>160 mg de Bisglicinato de Magnesio<\/strong> por c\u00e1psula,<strong> combinado con Taurina <\/strong>y <strong>Vitamina B6<\/strong>. El <strong>magnesio<\/strong> ayuda a <strong>reducir el cansancio y la fatiga<\/strong> &#x26a1;, contribuye al <strong>equilibrio electrol\u00edtico<\/strong> &#x1f4a7;, favorece la <strong>s\u00edntesis proteica<\/strong> y el <strong>metabolismo energ\u00e9tico normal<\/strong>. Adem\u00e1s, participa en el funcionamiento del <strong>sistema nervioso<\/strong>, los <strong>m\u00fasculos<\/strong>\u00a0y los <strong>huesos<\/strong>, apoyando as\u00ed un bienestar integral. &#x1f31f;<\/p>\n\t<div id=\"gap-1396710950\" class=\"gap-element clearfix\" style=\"display:block; height:auto;\">\n\t\t\n<style>\n#gap-1396710950 {\n  padding-top: 30px;\n}\n<\/style>\n\t<\/div>\n\t\n<h3>&#x26a1; <strong><span style=\"font-size: 90%;\">Composici\u00f3n e ingredientes<\/span><\/strong><\/h3>\n<p>Por 1 c\u00e1psula<\/p>\n<table dir=\"ltr\" border=\"0\" width=\"523\" cellspacing=\"0\" cellpadding=\"0\">\n<colgroup>\n<col width=\"334\" \/>\n<col width=\"100\" \/><\/colgroup>\n<tbody>\n<tr>\n<td data-sheets-value=\"{&quot;1&quot;:2,&quot;2&quot;:&quot;Magnesio Elemental&quot;}\">Bisglicinato de Magnesio<\/td>\n<td data-sheets-value=\"{&quot;1&quot;:2,&quot;2&quot;:&quot;300 mg (80%*)&quot;}\" data-sheets-numberformat=\"{&quot;1&quot;:2,&quot;2&quot;:&quot;0&quot;,&quot;3&quot;:1}\">160 mg (42,6%*)<\/td>\n<\/tr>\n<tr>\n<td data-sheets-value=\"{&quot;1&quot;:2,&quot;2&quot;:&quot;&gt; 80 mg de 534 mg de Citrato de Mg&quot;}\">L-Taurina<\/td>\n<td data-sheets-numberformat=\"{&quot;1&quot;:2,&quot;2&quot;:&quot;0&quot;,&quot;3&quot;:1}\">50 mg<\/td>\n<\/tr>\n<tr>\n<td data-sheets-value=\"{&quot;1&quot;:2,&quot;2&quot;:&quot;&gt; 80 mg de 534 mg de Citrato de Mg&quot;}\">Vitamina B6<\/td>\n<td data-sheets-numberformat=\"{&quot;1&quot;:2,&quot;2&quot;:&quot;0&quot;,&quot;3&quot;:1}\">0,75 mg (53,5%*)<\/td>\n<\/tr>\n<\/tbody>\n<\/table>\n<p><span class=\"JsGRdQ\" style=\"font-size: 80%;\">*VRN: Valores de Referencia de Nutrientes para vitaminas y minerales.<\/span><\/p>\n\t<div id=\"gap-1501582623\" class=\"gap-element clearfix\" style=\"display:block; height:auto;\">\n\t\t\n<style>\n#gap-1501582623 {\n  padding-top: 30px;\n}\n<\/style>\n\t<\/div>\n\t\n<p><span class=\"JsGRdQ\"><strong>&#x1f9ea; Ingredientes: <\/strong> <span class=\"OYPEnA font-feature-liga-off font-feature-clig-off font-feature-calt-off text-decoration-none text-strikethrough-none\">Bisglicinato de magnesio, c\u00e1psula (agente de recubrimiento: pullulano), taurina, agente de carga (celulosa microcristalina), antiaglomerantes (sales magn\u00e9sicas de \u00e1cidos grasos) y clorhidrato de piridoxina (vitamina B6). <strong><span class=\"S1PPyQ\">Al\u00e9rgenos: <\/span><\/strong><span class=\"S1PPyQ\">No contiene. Sin Gluten, sin lactosa<\/span><\/span><\/span><\/p>\n<p class=\"_04xlpA direction-ltr align-start para-style-subtitle\"><strong><span class=\"S1PPyQ\">&#x2705;\u00a0 Dosis diaria recomendada: <\/span><\/strong><span class=\"S1PPyQ\">1<\/span><span class=\"S1PPyQ\"> c\u00e1psula. <\/span><strong><span class=\"S1PPyQ\">Modo de empleo:<\/span><\/strong><span class=\"S1PPyQ\"><span class=\"OYPEnA text-decoration-none text-strikethrough-none\">Tomar 1 c\u00e1psula al d\u00eda durante la comida o cena.<\/span><\/span><\/p>\n<p>\n\t<div id=\"gap-866478539\" class=\"gap-element clearfix\" style=\"display:block; height:auto;\">\n\t\t\n<style>\n#gap-866478539 {\n  padding-top: 30px;\n}\n<\/style>\n\t<\/div>\n\t\n\n<h3><span style=\"font-size: 90%;\">&#x26a0;&#xfe0f; <strong>Advertencias<\/strong><\/span><\/h3>\n<p><strong>&#x1f6ab; No superar<\/strong> la dosis diaria expresamente recomendada.<br \/>&#x1f476; <strong>Mantener fuera del alcance<\/strong> de los ni\u00f1os m\u00e1s peque\u00f1os.<br \/>&#x1f957; <strong>Los complementos alimenticios<\/strong> no deben utilizarse como sustitutos de una dieta equilibrada y variada ni un modo de vida sano.<br \/>&#x2744;&#xfe0f; <strong>Almacene en un lugar fresco, seco y alejado de la luz solar directa.<\/strong><br \/>&#x1f512; <strong>No use este producto<\/strong> si el sello de seguridad est\u00e1 roto o falta.<\/p>\n","protected":false},"excerpt":{"rendered":"<p>&#x1f48a; Este suplemento aporta <strong>160 mg de Bisglicinato de Magnesio<\/strong> por c\u00e1psula,<strong> combinado con Taurina <\/strong>y <strong>Vitamina B6<\/strong>. El <strong>magnesio<\/strong> ayuda a <strong>reducir el cansancio y la fatiga<\/strong> &#x26a1;, contribuye al <strong>equilibrio electrol\u00edtico<\/strong> &#x1f4a7;, favorece la <strong>s\u00edntesis proteica<\/strong> y el <strong>metabolismo energ\u00e9tico normal<\/strong>. Adem\u00e1s, participa en el funcionamiento del <strong>sistema nervioso<\/strong>, los <strong>m\u00fasculos<\/strong>\u00a0y los <strong>huesos<\/strong>, apoyando as\u00ed un bienestar integral. &#x1f31f;<\/p>\n","protected":false},"featured_media":41161,"template":"","meta":{"_daextinma_seo_power":"","_daextinma_enable_ail":""},"product_brand":[140],"product_cat":[49],"product_tag":[114],"class_list":{"0":"post-12707","1":"product","2":"type-product","3":"status-publish","4":"has-post-thumbnail","6":"product_brand-vibefarma","7":"product_cat-suplementos-vitaminas","8":"product_tag-essentials","10":"first","11":"instock","12":"featured","13":"taxable","14":"shipping-taxable","15":"purchasable","16":"product-type-variable","17":"has-default-attributes"},"_links":{"self":[{"href":"https:\/\/staging.vibefarma.com\/b2b\/wp-json\/wp\/v2\/product\/12707","targetHints":{"allow":["GET"]}}],"collection":[{"href":"https:\/\/staging.vibefarma.com\/b2b\/wp-json\/wp\/v2\/product"}],"about":[{"href":"https:\/\/staging.vibefarma.com\/b2b\/wp-json\/wp\/v2\/types\/product"}],"wp:featuredmedia":[{"embeddable":true,"href":"https:\/\/staging.vibefarma.com\/b2b\/wp-json\/wp\/v2\/media\/41161"}],"wp:attachment":[{"href":"https:\/\/staging.vibefarma.com\/b2b\/wp-json\/wp\/v2\/media?parent=12707"}],"wp:term":[{"taxonomy":"product_brand","embeddable":true,"href":"https:\/\/staging.vibefarma.com\/b2b\/wp-json\/wp\/v2\/product_brand?post=12707"},{"taxonomy":"product_cat","embeddable":true,"href":"https:\/\/staging.vibefarma.com\/b2b\/wp-json\/wp\/v2\/product_cat?post=12707"},{"taxonomy":"product_tag","embeddable":true,"href":"https:\/\/staging.vibefarma.com\/b2b\/wp-json\/wp\/v2\/product_tag?post=12707"}],"curies":[{"name":"wp","href":"https:\/\/api.w.org\/{rel}","templated":true}]}}