{"id":12715,"date":"2023-01-07T16:46:46","date_gmt":"2023-01-07T16:46:46","guid":{"rendered":"https:\/\/vibefarma.com\/b2b\/?post_type=product&#038;p=12715"},"modified":"2025-06-25T11:32:23","modified_gmt":"2025-06-25T09:32:23","slug":"omega-3-pro-mini","status":"publish","type":"product","link":"https:\/\/staging.vibefarma.com\/b2b\/tienda\/omega-3-pro-mini\/","title":{"rendered":"Omega 3 Pro Mini"},"content":{"rendered":"<h2><span style=\"font-size: 90%;\">&#x1f41f;&#x26a1; Omega 3 Pro Mini de Vibefarma<\/span><\/h2>\n<p>El Omega 3 Pro Mini de Vibefarma es un <strong>complemento alimenticio a base de Omega 3 en forma de triglic\u00e9rido natural<\/strong> con un m\u00ednimo del 85% de EPA y DHA, <strong>proporcionando al menos 240 mg de EPA y 160 mg de DHA por c\u00e1psula. La c\u00e1psula es ent\u00e9rica, lo cual mejora la absorci\u00f3n al liberar el contenido en el intestino<\/strong> y evita las regurgitaciones. Adem\u00e1s, <strong>est\u00e1 garantizada la pureza y calidad<\/strong> al estar libre de metales pesados y t\u00f3xicos, <strong>con certificaciones IFOS&#x2122; y sello GOED Omega 3&#x2122;.<\/strong><\/p>\n<p>Este complemento es esencial para una dieta saludable y balanceada y, particularmente, el Omega 3 Pro mini es <strong>ideal para personas con enfermedad inflamatoria intestinal (EII); crohn, colitis ulcerosa, problemas digestivos y dificultad para tragar c\u00e1psulas grandes<\/strong> al ser c\u00e1psulas peque\u00f1as y que buscan mejorar su ingesta de \u00e1cidos grasos Omega 3.<\/p>\n\t<div id=\"gap-316574648\" class=\"gap-element clearfix\" style=\"display:block; height:auto;\">\n\t\t\n<style>\n#gap-316574648 {\n  padding-top: 30px;\n}\n<\/style>\n\t<\/div>\n\t\n<div class=\"row row-small row-full-width align-equal\"  id=\"row-325517954\">\n\n\t<div id=\"col-2092107279\" class=\"col small-12 large-12\"  >\n\t\t\t\t<div class=\"col-inner\"  >\n\t\t\t\n\t\t\t\n<h3><span style=\"font-size: 90%;\">&#x2705; Libre de metales pesados y t\u00f3xicos, <strong>Certificado IFOS&#x2122; y sello GOED Omega 3<\/strong><strong>&#x2122;<\/strong><\/span><\/h3>\n<p data-sourcepos=\"3:1-3:266\">Omega 3 Pro mini est\u00e1 certificado por IFOS&#x2122; y GOED Omega 3&#x2122;, las principales organizaciones internacionales de certificaci\u00f3n de suplementos de Omega 3. Estos certificados garantizan que el producto cumple con los m\u00e1s altos est\u00e1ndares de pureza, seguridad y eficacia.<\/p>\n<p><i class=\"ri-check-double-line\"><\/i><strong>Certificaci\u00f3n IFOS&#x2122;:<\/strong> IFOS&#x2122; es una organizaci\u00f3n independiente que eval\u00faa la calidad de los suplementos de Omega 3. Omega 3 Pro mini ha recibido una calificaci\u00f3n de 5 estrellas, la m\u00e1s alta posible, de IFOS&#x2122;.<br \/>\n<i class=\"ri-check-double-line\"><\/i><strong>Certificaci\u00f3n GOED Omega 3&#x2122;:<\/strong>\u00a0GOED Omega 3&#x2122; es una organizaci\u00f3n sin \u00e1nimo de lucro que representa a la industria de los suplementos de Omega 3.\u00a0Omega 3 Pro mini cumple con los est\u00e1ndares de calidad y seguridad establecidos por GOED Omega 3&#x2122;.<\/p>\n<div class=\"attachment-container search-images\"><\/div>\n<h3 data-sourcepos=\"10:1-10:56\"><span style=\"font-size: 90%;\"><strong>&#x1f6e1;&#xfe0f;Seguridad y la calidad garantizadas<\/strong><\/span><\/h3>\n<p data-sourcepos=\"12:1-12:134\">La seguridad y la calidad garantizadas de Omega 3 Pro mini ofrecen a nuestros usuarios una serie de beneficios, entre los que destacan:<\/p>\n<p><i class=\"ri-check-double-line\"><\/i><strong>Tranquilidad:<\/strong>\u00a0Los consumidores pueden estar seguros de que est\u00e1n tomando un producto de alta calidad que no contiene contaminantes ni metales pesados.<br \/>\n<i class=\"ri-check-double-line\"><\/i><strong>Efectividad:<\/strong>\u00a0Los consumidores pueden estar seguros de que est\u00e1n obteniendo los beneficios que el Omega 3 tiene para ofrecer.<\/p>\n<a href=\"https:\/\/certifications.nutrasource.ca\/certified-products\/product?id=VINU0001\" target=\"_blank\" class=\"button secondary\" rel=\"noopener\" >\n\t\t<span>Ver Certificado IFOS&#x2122;<\/span>\n\t<\/a>\n\n\t\t<\/div>\n\t\t\t\t\n<style>\n#col-2092107279 > .col-inner {\n  border-radius: 25px;\n}\n<\/style>\n\t<\/div>\n\n\t\n\n<style>\n#row-325517954 > .col > .col-inner {\n  padding: 8% 8% 8% 8%;\n  background-color: #f0f6f9;\n}\n<\/style>\n<\/div>\n<div class=\"row row-small row-full-width align-equal\"  id=\"row-2040300174\">\n\n\t<div id=\"col-1295661200\" class=\"col medium-5 small-12 large-5\"  >\n\t\t\t\t<div class=\"col-inner\" style=\"background-color:#f4f1dc;\" >\n\t\t\t\n\t\t\t\n<h3><span style=\"font-size: 90%;\"><strong>&#x1f44d; <\/strong>Beneficios del Omega 3 Pro Mini<\/span><\/h3>\n<p data-sourcepos=\"9:1-9:81\">Los Omega 3 tienen una serie de beneficios para la salud, entre los que destacan:<\/p>\n<p><strong><i class=\"ri-shield-check-line\"><\/i>Salud cardiovascular:<\/strong>\u00a0Los Omega 3 ayudan a reducir los niveles de colesterol y triglic\u00e9ridos,\u00a0lo que puede ayudar a prevenir enfermedades card\u00edacas.<br \/>\n<strong><i class=\"ri-shield-check-line\"><\/i>Salud cerebral:<\/strong>\u00a0Los Omega 3 son importantes para el desarrollo y el funcionamiento del cerebro.\u00a0Pueden ayudar a mejorar la memoria,\u00a0el aprendizaje y la funci\u00f3n cognitiva.<br \/>\n<i class=\"ri-shield-check-line\"><\/i><strong>Salud ocular:<\/strong>\u00a0Los Omega 3 son esenciales para el desarrollo y el mantenimiento de la visi\u00f3n.\u00a0Pueden ayudar a prevenir la degeneraci\u00f3n macular y otras enfermedades oculares.<\/p>\n\t\t<\/div>\n\t\t\t\t\t<\/div>\n\n\t\n\n\t<div id=\"col-1449075201\" class=\"col medium-7 small-12 large-7\"  >\n\t\t\t\t<div class=\"col-inner\" style=\"background-color:#d2ffd2;\" >\n\t\t\t\n\t\t\t\n<h3><span style=\"font-size: 90%;\"><span style=\"color: #333333;\">&#x1f31f; <\/span><span style=\"color: #333333;\">Caracter\u00edsticas del Omega 3 Pro Min<\/span><span style=\"color: #333333;\">i<\/span><\/span><\/h3>\n<p><i class=\"ri-checkbox-circle-fill\"><\/i><strong>Aceite de pescado de grado farmac\u00e9utico:<\/strong>\u00a0Omega 3 PRO MINI est\u00e1 elaborado con aceite de pescado de grado farmac\u00e9utico, que garantiza su pureza y calidad.<br \/>\n<i class=\"ri-checkbox-circle-fill\"><\/i><strong>Alto contenido en Omega 3:<\/strong> contiene un alto contenido en Omega 3, con un m\u00ednimo del 85% en forma de triglic\u00e9rido.<br \/>\n<i class=\"ri-checkbox-circle-fill\"><\/i><strong>Relaci\u00f3n 3:2 de EPA y DHA:<\/strong>\u00a0contiene una relaci\u00f3n 3:2 de EPA y DHA, que es la proporci\u00f3n recomendada por las autoridades sanitarias.<br \/>\n<i class=\"ri-checkbox-circle-fill\"><\/i><strong>C\u00e1psula ent\u00e9rica:<\/strong>\u00a0La c\u00e1psula ent\u00e9rica de Omega 3 PRO MINI permite que los \u00e1cidos grasos se liberen de forma gradual en el intestino delgado, donde son absorbidos de forma m\u00e1s eficiente.<br \/>\n<i class=\"ri-checkbox-circle-fill\"><\/i><strong>Libre de metales pesados y t\u00f3xicos:<\/strong> Omega 3 PRO MINI est\u00e1 libre de metales pesados y t\u00f3xicos, lo que garantiza su seguridad.<\/p>\n\t\t<\/div>\n\t\t\t\t\t<\/div>\n\n\t\n\n<style>\n#row-2040300174 > .col > .col-inner {\n  padding: 8% 8% 8% 8%;\n  background-color: #f0f6f9;\n  border-radius: 25px;\n}\n<\/style>\n<\/div>\n<div class=\"row row-small row-full-width align-equal\"  id=\"row-344970093\">\n\n\t<div id=\"col-301576932\" class=\"col medium-8 small-12 large-8\"  >\n\t\t\t\t<div class=\"col-inner\" style=\"background-color:#f5df85;\" >\n\t\t\t\n\t\t\t\n<h3><span style=\"font-size: 90%;\">&#x1f48a; C\u00e1psula ent\u00e9rica GELITA\u00ae EC de liberaci\u00f3n prolongada<\/span><\/h3>\n<p data-sourcepos=\"3:1-3:202\">Omega 3 Pro mini est\u00e1 encapsulado en una c\u00e1psula ent\u00e9rica GELITA\u00ae EC de liberaci\u00f3n prolongada. Esta c\u00e1psula tiene dos caracter\u00edsticas clave que la diferencian de las c\u00e1psulas de gelatina convencionales:<\/p>\n<ul>\n<li data-sourcepos=\"5:1-5:141\"><strong>Es transparente:<\/strong>\u00a0La c\u00e1psula GELITA\u00ae EC no requiere un recubrimiento insoluble en \u00e1cido,\u00a0lo que le da un aspecto transparente y natural.<\/li>\n<li data-sourcepos=\"6:1-7:0\"><strong>Libera su contenido en el intestino delgado:<\/strong>\u00a0La c\u00e1psula GELITA\u00ae EC es resistente a los \u00e1cidos del est\u00f3mago,\u00a0por lo que libera su contenido en el intestino delgado,\u00a0donde los \u00e1cidos grasos Omega 3 se absorben mejor.<\/li>\n<li><strong>Evita la regurgitaci\u00f3n y el regusto a pescado:<\/strong> La c\u00e1psula GELITA\u00ae EC libera su contenido en el intestino delgado,\u00a0donde los \u00e1cidos grasos Omega 3 no entran en contacto con los \u00e1cidos del est\u00f3mago.\u00a0Esto evita la regurgitaci\u00f3n y el regusto a pescado,\u00a0que son efectos secundarios comunes de los suplementos de Omega 3.<\/li>\n<\/ul>\n<p data-sourcepos=\"8:1-8:120\">Estas caracter\u00edsticas hacen que Omega 3 Pro mini sea un suplemento de Omega 3 m\u00e1s c\u00f3modo y eficaz que otros suplementos.<\/p>\n<p data-sourcepos=\"8:1-8:120\">\n\t\t<\/div>\n\t\t\t\t\t<\/div>\n\n\t\n\n\t<div id=\"col-1022548635\" class=\"col medium-4 small-12 large-4\"  >\n\t\t\t\t<div class=\"col-inner\" style=\"background-color:#f0f6f9;\" >\n\t\t\t\n\t\t\t\n<h3><span style=\"font-size: 90%;\">&#x1f50b; Alto contenido en Omega 3, min. 85%<\/span><\/h3>\n<p>Omega 3 Pro mini contiene un <strong>alto contenido en \u00e1cidos grasos Omega 3, con al menos un 85% en forma de triglic\u00e9ridos. Esta concentraci\u00f3n es superior a la mayor\u00eda de los suplementos de Omega 3 en el mercado.<\/strong> El alto contenido de Omega 3 en Omega 3 Pro mini se debe al proceso de grado farmac\u00e9utico utilizado durante toda la fabricaci\u00f3n. Este proceso incluye t\u00e9cnicas de separaci\u00f3n, concentraci\u00f3n y purificaci\u00f3n que permiten obtener un producto de alta calidad y pureza.<\/p>\n\t\t<\/div>\n\t\t\t\t\t<\/div>\n\n\t\n\n<style>\n#row-344970093 > .col > .col-inner {\n  padding: 8% 8% 8% 8%;\n  background-color: #f0f6f9;\n  border-radius: 25px;\n}\n<\/style>\n<\/div>\n\t<div id=\"gap-1468867261\" class=\"gap-element clearfix\" style=\"display:block; height:auto;\">\n\t\t\n<style>\n#gap-1468867261 {\n  padding-top: 30px;\n}\n<\/style>\n\t<\/div>\n\t\n<h3><span style=\"font-size: 90%;\">&#x1f41f; Aceite de pescado OMEGATEX\u00ae de Grado Farmac\u00e9utico.<\/span><\/h3>\n<p>El <strong>aceite de pescado OMEGATEX\u00ae es un producto de alta calidad que se obtiene de pescados peque\u00f1os capturados en la corriente de Humboldt<\/strong>, en las costas de Per\u00fa y Chile. Estos peces tienen menos probabilidades de acumular metales pesados y t\u00f3xicos en su organismo al estar al inicio de la cadena alimentaria.<\/p>\n<p>El aceite de pescado es sometido a un proceso de grado farmac\u00e9utico que combina las tecnolog\u00edas m\u00e1s avanzadas en la industria de los l\u00edpidos. Este proceso incluye:<\/p>\n<p><i class=\"ri-check-double-line\"><\/i><strong>Destilaci\u00f3n molecular:<\/strong>\u00a0Esta t\u00e9cnica separa los \u00e1cidos grasos Omega-3 del resto de los \u00e1cidos grasos.<br \/>\n<i class=\"ri-check-double-line\"><\/i><strong>Concentraci\u00f3n supercr\u00edtica con CO2:<\/strong>\u00a0Esta t\u00e9cnica concentra los \u00e1cidos grasos Omega-3 para obtener un producto m\u00e1s puro.<br \/>\n<i class=\"ri-check-double-line\"><\/i><strong>Proceso enzim\u00e1tico:<\/strong>\u00a0Esta t\u00e9cnica reconstituye la forma de triglic\u00e9ridos naturales de los \u00e1cidos grasos Omega-3,\u00a0lo que facilita su absorci\u00f3n por el organismo.<br \/>\n<i class=\"ri-check-double-line\"><\/i><strong>Purga de nitr\u00f3geno:<\/strong>\u00a0Esta t\u00e9cnica elimina los metales pesados,\u00a0PCBs,\u00a0dioxinas y otros contaminantes del aceite de pescado.<br \/>\n<i class=\"ri-check-double-line\"><\/i><strong>Desodorizaci\u00f3n:<\/strong>\u00a0Esta t\u00e9cnica elimina el olor y sabor residual del aceite de pescado.<\/p>\n\t<div id=\"gap-693375862\" class=\"gap-element clearfix\" style=\"display:block; height:auto;\">\n\t\t\n<style>\n#gap-693375862 {\n  padding-top: 30px;\n}\n<\/style>\n\t<\/div>\n\t\n<h3>&#x26a1; <strong><span style=\"font-size: 90%;\">Composici\u00f3n e ingredientes<\/span><\/strong><\/h3>\n<p>Composici\u00f3n por 2 c\u00e1psulas<\/p>\n<table style=\"width: 100%;\" border=\"0\" cellspacing=\"0\" cellpadding=\"0\">\n<tbody>\n<tr>\n<td><strong>Aceite de pescado OMEGATEX\u00ae<\/strong><\/td>\n<td><\/td>\n<td><strong>1000 mg<\/strong><\/td>\n<\/tr>\n<tr>\n<td>&#8211; Omega 3 min. 85% (triglic\u00e9rido)<\/td>\n<td><\/td>\n<td>850 mg<\/td>\n<\/tr>\n<tr>\n<td><em>de los cuales:<\/em><\/td>\n<td><\/td>\n<td><\/td>\n<\/tr>\n<tr>\n<td>&#8211; EPA (\u00c1cido Eicosapentanoico) (48%)<\/td>\n<td><\/td>\n<td>480 mg<\/td>\n<\/tr>\n<tr>\n<td>&#8211; DHA (\u00c1cido Docosahexaenoico) (32%)<\/td>\n<td><\/td>\n<td>320 mg<\/td>\n<\/tr>\n<\/tbody>\n<\/table>\n<p><span class=\"OYPEnA font-feature-liga-off font-feature-clig-off font-feature-calt-off text-decoration-none text-strikethrough-none\"><\/p>\n\t<div id=\"gap-1218210004\" class=\"gap-element clearfix\" style=\"display:block; height:auto;\">\n\t\t\n<style>\n#gap-1218210004 {\n  padding-top: 30px;\n}\n<\/style>\n\t<\/div>\n\t\n<p><\/span><\/p>\n<p><strong><span class=\"OYPEnA font-feature-liga-off font-feature-clig-off font-feature-calt-off text-decoration-none text-strikethrough-none\">&#x1f9ea; <\/span>Ingredientes:<\/strong> Aceite de pescado OMEGATEX\u00ae (48% EPA y 32% DHA), antioxidante (alfa tocoferol). Perla: GELITA\u00ae EC* gelatina, pectina, humectantes (sorbitol y glicerina vegetal), agua purificada. <strong>Al\u00e9rgenos:<\/strong> Contiene pescado. Sin Gluten, Sin Lactosa.<\/p>\n<p><strong><span class=\"OYPEnA font-feature-liga-off font-feature-clig-off font-feature-calt-off text-decoration-none text-strikethrough-none\">&#x2705; <\/span>Dosis diaria recomendada:<\/strong> 2 c\u00e1psulas. <strong>Modo de empleo:<\/strong> Adultos tomar 2 c\u00e1psula al d\u00eda.<\/p>\n<p>\n\t<div id=\"gap-661943577\" class=\"gap-element clearfix\" style=\"display:block; height:auto;\">\n\t\t\n<style>\n#gap-661943577 {\n  padding-top: 30px;\n}\n<\/style>\n\t<\/div>\n\t\n\n<h3><span style=\"font-size: 90%;\">&#x26a0;&#xfe0f; <strong>Advertencias<\/strong><\/span><\/h3>\n<p><strong>&#x1f6ab; No superar<\/strong> la dosis diaria expresamente recomendada.<br \/>&#x1f476; <strong>Mantener fuera del alcance<\/strong> de los ni\u00f1os m\u00e1s peque\u00f1os.<br \/>&#x1f957; <strong>Los complementos alimenticios<\/strong> no deben utilizarse como sustitutos de una dieta equilibrada y variada ni un modo de vida sano.<br \/>&#x2744;&#xfe0f; <strong>Almacene en un lugar fresco, seco y alejado de la luz solar directa.<\/strong><br \/>&#x1f512; <strong>No use este producto<\/strong> si el sello de seguridad est\u00e1 roto o falta.<\/p>\n","protected":false},"excerpt":{"rendered":"<p><strong>&#x1f41f;&#x26a1;El Omega 3 m\u00e1s concentrado con la c\u00e1psula m\u00e1s peque\u00f1a. Aceite de pescado OMEGATEX\u00ae<\/strong> en forma de <strong>triglic\u00e9rido natural (TG)<\/strong>, con un m\u00ednimo del <strong>85% de Omega 3<\/strong>, proporcionando <strong>240 mg de EPA<\/strong> y <strong>160 mg de DHA<\/strong> por c\u00e1psula &#x1f48a;. Formulado con <strong>c\u00e1psula ent\u00e9rica GELITA\u00ae EC<\/strong>, de <strong>liberaci\u00f3n prolongada<\/strong> para una <strong>mejor absorci\u00f3n<\/strong> y sin regurgitaciones, gracias a la tecnolog\u00eda farmac\u00e9utica aplicada. Adem\u00e1s, es <strong>libre de metales pesados y t\u00f3xicos<\/strong>, respaldado por el <strong>Certificado IFOS&#x2122;<\/strong> y el <strong>sello GOED Omega 3&#x2122;<\/strong>. &#x1f31f;<\/p>\n","protected":false},"featured_media":45845,"template":"","meta":{"_daextinma_seo_power":"","_daextinma_enable_ail":""},"product_brand":[140],"product_cat":[20],"product_tag":[127],"class_list":{"0":"post-12715","1":"product","2":"type-product","3":"status-publish","4":"has-post-thumbnail","6":"product_brand-vibefarma","7":"product_cat-omega-3-ifos-certificado","8":"product_tag-pro","10":"first","11":"instock","12":"taxable","13":"shipping-taxable","14":"purchasable","15":"product-type-variable","16":"has-default-attributes"},"_links":{"self":[{"href":"https:\/\/staging.vibefarma.com\/b2b\/wp-json\/wp\/v2\/product\/12715","targetHints":{"allow":["GET"]}}],"collection":[{"href":"https:\/\/staging.vibefarma.com\/b2b\/wp-json\/wp\/v2\/product"}],"about":[{"href":"https:\/\/staging.vibefarma.com\/b2b\/wp-json\/wp\/v2\/types\/product"}],"wp:featuredmedia":[{"embeddable":true,"href":"https:\/\/staging.vibefarma.com\/b2b\/wp-json\/wp\/v2\/media\/45845"}],"wp:attachment":[{"href":"https:\/\/staging.vibefarma.com\/b2b\/wp-json\/wp\/v2\/media?parent=12715"}],"wp:term":[{"taxonomy":"product_brand","embeddable":true,"href":"https:\/\/staging.vibefarma.com\/b2b\/wp-json\/wp\/v2\/product_brand?post=12715"},{"taxonomy":"product_cat","embeddable":true,"href":"https:\/\/staging.vibefarma.com\/b2b\/wp-json\/wp\/v2\/product_cat?post=12715"},{"taxonomy":"product_tag","embeddable":true,"href":"https:\/\/staging.vibefarma.com\/b2b\/wp-json\/wp\/v2\/product_tag?post=12715"}],"curies":[{"name":"wp","href":"https:\/\/api.w.org\/{rel}","templated":true}]}}