{"id":39611,"date":"2024-01-12T11:58:26","date_gmt":"2024-01-12T10:58:26","guid":{"rendered":"https:\/\/vibefarma.com\/b2b\/?post_type=product&#038;p=39611"},"modified":"2025-06-25T11:32:23","modified_gmt":"2025-06-25T09:32:23","slug":"glutamina-essentials","status":"publish","type":"product","link":"https:\/\/staging.vibefarma.com\/b2b\/tienda\/glutamina-essentials\/","title":{"rendered":"Glutamina Essentials"},"content":{"rendered":"<h2><strong>&#x1f4aa; <\/strong>Glutamina Essentials de vibefarma<\/h2>\n<p>La Glutamina Essentials de Vibefarma<strong> es un suplemento en polvo formulado con L-glutamina de la m\u00e1s alta calidad, proporcionada por Kyowa Quality.<\/strong><\/p>\n<h3><span style=\"font-size: 90%;\"><strong>&#x1f44d; <\/strong><\/span><span style=\"font-size: 80%;\">Caracter\u00edsticas de Glutamina Essentials de Vibefarma<\/span><\/h3>\n<p><i class=\"ri-checkbox-circle-fill\"><\/i><strong>Alta Calidad Kyowa\u00ae:<\/strong> La L-glutamina utilizada es de Kyowa Quality, lo que garantiza su pureza y eficacia. Kyowa Quality\u00ae es conocida por ofrecer ingredientes respaldados por altos est\u00e1ndares de fabricaci\u00f3n, asegurando seguridad y eficacia en los productos<br \/>\n<i class=\"ri-checkbox-circle-fill\"><\/i><strong>Forma en Polvo:<\/strong> Facilita una r\u00e1pida absorci\u00f3n y versatilidad en su uso, permitiendo mezclarlo con diferentes l\u00edquidos.<br \/>\n<i class=\"ri-checkbox-circle-fill\"><\/i><strong>Libre de Aditivos y Al\u00e9rgenos:<\/strong> La glutamina de Kyowa Quality es pura, no contiene OGM y es libre de al\u00e9rgenos, lo que la hace apta para una amplia gama de consumidores.<\/p>\n<h3>&#x26a1; <strong><span style=\"font-size: 90%;\">Composici\u00f3n e ingredientes<\/span><\/strong><\/h3>\n<div>\n<table style=\"color: black;\">\n<tbody>\n<tr>\n<td colspan=\"2\"><strong>Ingredientes activos<\/strong><\/td>\n<td><strong>Por 6 g*<\/strong><\/td>\n<\/tr>\n<tr>\n<td colspan=\"2\">L-Glutamina (Kyowa\u00ae)<\/td>\n<td>6 g<\/td>\n<\/tr>\n<\/tbody>\n<\/table>\n\t<div id=\"gap-844601465\" class=\"gap-element clearfix\" style=\"display:block; height:auto;\">\n\t\t\n<style>\n#gap-844601465 {\n  padding-top: 30px;\n}\n<\/style>\n\t<\/div>\n\t\n<p><strong>&#x1f9ea; Ingredientes: <\/strong>L-Glutamina (Kyowa\u00ae). <strong>Sabor:<\/strong> Neutro. <strong>Al\u00e9rgenos:<\/strong> No contiene. Este producto se fabrica en instalaciones que procesan: leche, soja, gluten, pescado, crust\u00e1ceos y frutos secos.<\/p>\n<p><strong>&#x2705; Dosis diaria recomendada:<\/strong> <span style=\"font-weight: 400;\">6g<\/span>. <strong>Modo de empleo: Tomar 2 cazos rasos (6 g) antes de acostarse.<\/strong><\/p>\n<p>\n\t<div id=\"gap-1294762358\" class=\"gap-element clearfix\" style=\"display:block; height:auto;\">\n\t\t\n<style>\n#gap-1294762358 {\n  padding-top: 30px;\n}\n<\/style>\n\t<\/div>\n\t\n\n<h3><span style=\"font-size: 90%;\">&#x26a0;&#xfe0f; <strong>Advertencias<\/strong><\/span><\/h3>\n<p><strong>&#x1f6ab; No superar<\/strong> la dosis diaria expresamente recomendada.<br \/>&#x1f476; <strong>Mantener fuera del alcance<\/strong> de los ni\u00f1os m\u00e1s peque\u00f1os.<br \/>&#x1f957; <strong>Los complementos alimenticios<\/strong> no deben utilizarse como sustitutos de una dieta equilibrada y variada ni un modo de vida sano.<br \/>&#x2744;&#xfe0f; <strong>Almacene en un lugar fresco, seco y alejado de la luz solar directa.<\/strong><br \/>&#x1f512; <strong>No use este producto<\/strong> si el sello de seguridad est\u00e1 roto o falta.<\/p>\n<\/div>\n","protected":false},"excerpt":{"rendered":"<p><strong>&#x1f31f; Alta calidad Kyowa\u00ae.<\/strong>\u00a0La L-glutamina utilizada es de Kyowa Quality, una certificaci\u00f3n que garantiza su pureza y eficacia. <strong>Presentada en forma de polvo, facilita una r\u00e1pida absorci\u00f3n\u00a0y ofrece versatilidad en su uso<\/strong>, permitiendo mezclarla con diferentes l\u00edquidos. Adem\u00e1s, es libre de aditivos y al\u00e9rgenos, no contiene OGM\u00a0y es apta para una amplia gama de consumidores, asegurando una opci\u00f3n segura y de confianza.<\/p>\n","protected":false},"featured_media":39651,"template":"","meta":{"_daextinma_seo_power":"","_daextinma_enable_ail":""},"product_brand":[140],"product_cat":[113],"product_tag":[114],"class_list":{"0":"post-39611","1":"product","2":"type-product","3":"status-publish","4":"has-post-thumbnail","6":"product_brand-vibefarma","7":"product_cat-proteinas-aminoacidos","8":"product_tag-essentials","10":"first","11":"instock","12":"taxable","13":"shipping-taxable","14":"purchasable","15":"product-type-variable","16":"has-default-attributes"},"_links":{"self":[{"href":"https:\/\/staging.vibefarma.com\/b2b\/wp-json\/wp\/v2\/product\/39611","targetHints":{"allow":["GET"]}}],"collection":[{"href":"https:\/\/staging.vibefarma.com\/b2b\/wp-json\/wp\/v2\/product"}],"about":[{"href":"https:\/\/staging.vibefarma.com\/b2b\/wp-json\/wp\/v2\/types\/product"}],"wp:featuredmedia":[{"embeddable":true,"href":"https:\/\/staging.vibefarma.com\/b2b\/wp-json\/wp\/v2\/media\/39651"}],"wp:attachment":[{"href":"https:\/\/staging.vibefarma.com\/b2b\/wp-json\/wp\/v2\/media?parent=39611"}],"wp:term":[{"taxonomy":"product_brand","embeddable":true,"href":"https:\/\/staging.vibefarma.com\/b2b\/wp-json\/wp\/v2\/product_brand?post=39611"},{"taxonomy":"product_cat","embeddable":true,"href":"https:\/\/staging.vibefarma.com\/b2b\/wp-json\/wp\/v2\/product_cat?post=39611"},{"taxonomy":"product_tag","embeddable":true,"href":"https:\/\/staging.vibefarma.com\/b2b\/wp-json\/wp\/v2\/product_tag?post=39611"}],"curies":[{"name":"wp","href":"https:\/\/api.w.org\/{rel}","templated":true}]}}