{"id":43610,"date":"2024-09-12T16:36:37","date_gmt":"2024-09-12T14:36:37","guid":{"rendered":"https:\/\/vibefarma.com\/b2b\/?post_type=product&#038;p=43610"},"modified":"2025-06-25T11:32:23","modified_gmt":"2025-06-25T09:32:23","slug":"creatina-selection","status":"publish","type":"product","link":"https:\/\/staging.vibefarma.com\/b2b\/tienda\/creatina-selection\/","title":{"rendered":"Creatina Selection"},"content":{"rendered":"<h2><span style=\"font-size: 90%;\"><strong>&#x1f9e0; Creatina Selection<\/strong> de Vibefarma<\/span><\/h2>\n<p>Suplemento esencial para apoyar la <strong>salud cognitiva<\/strong>, mejorar la <strong>funci\u00f3n cerebral<\/strong>\u00a0y potenciar el <strong>rendimiento mental<\/strong> &#x26a1;. Ideal para quienes buscan fortalecer la <strong>memoria<\/strong>, la <strong>concentraci\u00f3n<\/strong> y la <strong>claridad mental<\/strong> en su d\u00eda a d\u00eda. &#x1f31f;<\/p>\n\t<div id=\"gap-1194484254\" class=\"gap-element clearfix\" style=\"display:block; height:auto;\">\n\t\t\n<style>\n#gap-1194484254 {\n  padding-top: 30px;\n}\n<\/style>\n\t<\/div>\n\t\n<h3>&#x26a1; <strong><span style=\"font-size: 90%;\">Composici\u00f3n e ingredientes<\/span><\/strong><\/h3>\n<table>\n<thead>\n<tr>\n<th>Composici\u00f3n por 1 cazo<\/th>\n<th>Cantidad<\/th>\n<\/tr>\n<\/thead>\n<tbody>\n<tr>\n<td>Creatina Monohidrato<\/td>\n<td>3 g<\/td>\n<\/tr>\n<\/tbody>\n<\/table>\n<p class=\"cvGsUA direction-ltr align-start para-style-subtitle\"><span class=\"OYPEnA font-feature-liga-off font-feature-clig-off font-feature-calt-off text-decoration-none text-strikethrough-none\"><strong>&#x1f9ea; Ingredientes: <\/strong>Creatina monohidrato.<\/span><strong><span class=\"OYPEnA font-feature-liga-off font-feature-clig-off font-feature-calt-off text-decoration-none text-strikethrough-none\"> Al\u00e9rgenos: <\/span><\/strong><span class=\"OYPEnA font-feature-liga-off font-feature-clig-off font-feature-calt-off text-decoration-none text-strikethrough-none\">No contiene.<\/span><\/p>\n<p class=\"cvGsUA direction-ltr align-start para-style-subtitle\"><strong><span class=\"OYPEnA font-feature-liga-off font-feature-clig-off font-feature-calt-off text-decoration-none text-strikethrough-none\">&#x2705; Dosis diaria recomendada: <\/span><\/strong><span class=\"OYPEnA font-feature-liga-off font-feature-clig-off font-feature-calt-off text-decoration-none text-strikethrough-none\">3 cazo (3 g).<\/span><strong><span class=\"OYPEnA font-feature-liga-off font-feature-clig-off font-feature-calt-off text-decoration-none text-strikethrough-none\"> Modo de empleo:<\/span><\/strong> <span class=\"OYPEnA font-feature-liga-off font-feature-clig-off font-feature-calt-off text-decoration-none text-strikethrough-none\">Tomar 1 cazo (3 g.) mezclado con agua.<\/span><\/p>\n<p class=\"cvGsUA direction-ltr align-start para-style-subtitle\"><p>\n\t<div id=\"gap-1603758199\" class=\"gap-element clearfix\" style=\"display:block; height:auto;\">\n\t\t\n<style>\n#gap-1603758199 {\n  padding-top: 30px;\n}\n<\/style>\n\t<\/div>\n\t\n\n<h3><span style=\"font-size: 90%;\">&#x26a0;&#xfe0f; <strong>Advertencias<\/strong><\/span><\/h3>\n<p><strong>&#x1f6ab; No superar<\/strong> la dosis diaria expresamente recomendada.<br \/>&#x1f476; <strong>Mantener fuera del alcance<\/strong> de los ni\u00f1os m\u00e1s peque\u00f1os.<br \/>&#x1f957; <strong>Los complementos alimenticios<\/strong> no deben utilizarse como sustitutos de una dieta equilibrada y variada ni un modo de vida sano.<br \/>&#x2744;&#xfe0f; <strong>Almacene en un lugar fresco, seco y alejado de la luz solar directa.<\/strong><br \/>&#x1f512; <strong>No use este producto<\/strong> si el sello de seguridad est\u00e1 roto o falta.<\/p>\n","protected":false},"excerpt":{"rendered":"<p>&#x1f9e0; Suplemento esencial para apoyar la <strong>salud cognitiva<\/strong>, mejorar la <strong>funci\u00f3n cerebral<\/strong>\u00a0y potenciar el <strong>rendimiento mental<\/strong> &#x26a1;. Ideal para quienes buscan fortalecer la <strong>memoria<\/strong>, la <strong>concentraci\u00f3n<\/strong> y la <strong>claridad mental<\/strong> en su d\u00eda a d\u00eda. &#x1f31f;<\/p>\n","protected":false},"featured_media":45233,"template":"","meta":{"_daextinma_seo_power":"","_daextinma_enable_ail":""},"product_brand":[140],"product_cat":[113],"product_tag":[128],"class_list":{"0":"post-43610","1":"product","2":"type-product","3":"status-publish","4":"has-post-thumbnail","6":"product_brand-vibefarma","7":"product_cat-proteinas-aminoacidos","8":"product_tag-selection","10":"first","11":"instock","12":"featured","13":"taxable","14":"shipping-taxable","15":"purchasable","16":"product-type-variable","17":"has-default-attributes"},"_links":{"self":[{"href":"https:\/\/staging.vibefarma.com\/b2b\/wp-json\/wp\/v2\/product\/43610","targetHints":{"allow":["GET"]}}],"collection":[{"href":"https:\/\/staging.vibefarma.com\/b2b\/wp-json\/wp\/v2\/product"}],"about":[{"href":"https:\/\/staging.vibefarma.com\/b2b\/wp-json\/wp\/v2\/types\/product"}],"wp:featuredmedia":[{"embeddable":true,"href":"https:\/\/staging.vibefarma.com\/b2b\/wp-json\/wp\/v2\/media\/45233"}],"wp:attachment":[{"href":"https:\/\/staging.vibefarma.com\/b2b\/wp-json\/wp\/v2\/media?parent=43610"}],"wp:term":[{"taxonomy":"product_brand","embeddable":true,"href":"https:\/\/staging.vibefarma.com\/b2b\/wp-json\/wp\/v2\/product_brand?post=43610"},{"taxonomy":"product_cat","embeddable":true,"href":"https:\/\/staging.vibefarma.com\/b2b\/wp-json\/wp\/v2\/product_cat?post=43610"},{"taxonomy":"product_tag","embeddable":true,"href":"https:\/\/staging.vibefarma.com\/b2b\/wp-json\/wp\/v2\/product_tag?post=43610"}],"curies":[{"name":"wp","href":"https:\/\/api.w.org\/{rel}","templated":true}]}}