{"id":45599,"date":"2024-12-18T13:58:04","date_gmt":"2024-12-18T12:58:04","guid":{"rendered":"https:\/\/vibefarma.com\/b2b\/?post_type=product&#038;p=45599"},"modified":"2025-06-25T11:32:21","modified_gmt":"2025-06-25T09:32:21","slug":"spms-pro","status":"publish","type":"product","link":"https:\/\/staging.vibefarma.com\/b2b\/tienda\/spms-pro\/","title":{"rendered":"SPMs Pro"},"content":{"rendered":"<h2><span style=\"font-size: 90%;\">&#x1f525;&#x274c; SPMs Pro de Vibefarma<\/span><\/h2>\n<p>SPMs Pro de Vibefarma es un complemento alimenticio innovador basado en <strong>Lipinova\u00ae, un ingrediente \u00fanico rico en Mediadores Pro-resolutivos Especializados<\/strong> (SPMs, <span class=\"OYPEnA font-feature-liga-off font-feature-clig-off font-feature-calt-off text-decoration-none text-strikethrough-none\"> por sus siglas en ingl\u00e9s<\/span>). <span class=\"OYPEnA font-feature-liga-off font-feature-clig-off font-feature-calt-off text-decoration-none text-strikethrough-none\">Los SPMs son l\u00edpidos bioactivos derivados de \u00e1cidos grasos omega-3, como el EPA y el DHA.<\/p>\n\t<div id=\"gap-1119408463\" class=\"gap-element clearfix\" style=\"display:block; height:auto;\">\n\t\t\n<style>\n#gap-1119408463 {\n  padding-top: 30px;\n}\n<\/style>\n\t<\/div>\n\t\n<div class=\"row row-collapse row-full-width align-equal\"  id=\"row-1683083142\">\n\n\t<div id=\"col-356959250\" class=\"col small-12 large-12\"  >\n\t\t\t\t<div class=\"col-inner\" style=\"background-color:#d2ffd2;\" >\n\t\t\t\n\t\t\t\n<p><\/span><\/p>\n<h3><span style=\"font-size: 90%;\">&#x1f31f; Caracter\u00edsticas del SPMs Pro\u00a0<\/span><\/h3>\n<p><i class=\"ri-checkbox-circle-fill\"><\/i><strong>\u00a0Contiene Lipinova\u00ae, un concentrado de SPMs<\/strong> derivado de los \u00e1cidos grasos omega-3 EPA y DHA<br \/>\n<i class=\"ri-checkbox-circle-fill\"><\/i>\u00a0Proporciona una fracci\u00f3n bioactiva con niveles estandarizados de <strong>SPMs, incluyendo 18-HEPE, 17-HDHA y 14-HDHA en forma de triglic\u00e9ridos (TG)<\/strong><br \/>\n<i class=\"ri-checkbox-circle-fill\"><\/i><strong>\u00a0Libre de metales pesados y t\u00f3xicos<\/strong>, ya que Lipinova\u00ae es reconocido como seguro por la FDA<\/p>\n\t\t<\/div>\n\t\t\t\t\t<\/div>\n\n\t\n\n<style>\n#row-1683083142 > .col > .col-inner {\n  padding: 5% 5% 5% 5%;\n  border-radius: 25px;\n}\n<\/style>\n<\/div>\n\t<div id=\"gap-1833642750\" class=\"gap-element clearfix\" style=\"display:block; height:auto;\">\n\t\t\n<style>\n#gap-1833642750 {\n  padding-top: 30px;\n}\n<\/style>\n\t<\/div>\n\t\n<h3>&#x26a1; <strong><span style=\"font-size: 90%;\">Composici\u00f3n e ingredientes<\/span><\/strong><\/h3>\n<div>\n<div>\n<table style=\"height: 150px;\">\n<thead>\n<tr style=\"height: 18px;\">\n<th style=\"height: 18px; width: 314.797px; text-align: left;\">Composici\u00f3n por 2 c\u00e1psulas<\/th>\n<\/tr>\n<\/thead>\n<tbody>\n<tr style=\"height: 18px;\">\n<td style=\"height: 18px; width: 314.797px;\">Aceite de <em><strong>pescado<\/strong><\/em> concentrado<\/td>\n<td style=\"height: 18px; width: 62.8672px;\">1000 mg<\/td>\n<\/tr>\n<tr style=\"height: 18px;\">\n<td style=\"height: 18px; width: 314.797px;\">Omega 3 de los cuales<\/td>\n<td style=\"height: 18px; width: 62.8672px;\">500 mg<\/td>\n<\/tr>\n<tr style=\"height: 18px;\">\n<td style=\"height: 18px; width: 314.797px;\">EPA (\u00c1cido eicosapentaenoico) de los cuales<\/td>\n<td style=\"height: 18px; width: 62.8672px;\">100 mg<\/td>\n<\/tr>\n<tr style=\"height: 20px;\">\n<td style=\"height: 20px; width: 314.797px; padding-left: 40px;\">18-HEPE Lipinova<sup>\u00ae<\/sup> SPMs<\/td>\n<td style=\"height: 20px; width: 62.8672px;\">40 \u03bcg<\/td>\n<\/tr>\n<tr style=\"height: 18px;\">\n<td style=\"height: 18px; width: 314.797px;\">DHA (\u00c1cido docosahexaenoico) de los cuales<\/td>\n<td style=\"height: 18px; width: 62.8672px;\">200 mg<\/td>\n<\/tr>\n<tr style=\"height: 20px;\">\n<td style=\"height: 20px; width: 314.797px; padding-left: 40px;\">17-HDHA Lipinova<sup>\u00ae<\/sup> SPMs<\/td>\n<td style=\"height: 20px; width: 62.8672px;\">80 \u03bcg<\/td>\n<\/tr>\n<tr style=\"height: 20px;\">\n<td style=\"height: 20px; width: 314.797px; padding-left: 40px;\">14-HDHA Lipinova<sup>\u00ae<\/sup> SPMs<\/td>\n<td style=\"height: 20px; width: 62.8672px;\">40 \u03bcg<\/td>\n<\/tr>\n<\/tbody>\n<\/table>\n<div><\/div>\n<\/div>\n<\/div>\n\t<div id=\"gap-1469164315\" class=\"gap-element clearfix\" style=\"display:block; height:auto;\">\n\t\t\n<style>\n#gap-1469164315 {\n  padding-top: 30px;\n}\n<\/style>\n\t<\/div>\n\t\n<div><\/div>\n<div><strong><span class=\"OYPEnA font-feature-liga-off font-feature-clig-off font-feature-calt-off text-decoration-none text-strikethrough-none\">&#x1f9ea; <\/span>Ingredientes:<\/strong> Aceite de pescado, gelatina bovina, humectante: glicerina, agua y antiaglomerante: di\u00f3xido de silicio. <strong>Al\u00e9rgenos:<\/strong> Contiene <strong>Pescado<\/strong>. Sin Gluten. Sin Lactosa.<\/div>\n<div><\/div>\n<div><strong><b>&#x2705; <\/b>Dosis diaria recomendada:<\/strong> 2 c\u00e1psulas. <strong>Modo de empleo:<\/strong> Toma 2 c\u00e1psulas durante las comidas o cenas.<\/div>\n<div><\/div>\n<p>\n\t<div id=\"gap-318957098\" class=\"gap-element clearfix\" style=\"display:block; height:auto;\">\n\t\t\n<style>\n#gap-318957098 {\n  padding-top: 30px;\n}\n<\/style>\n\t<\/div>\n\t\n\n<h3><span style=\"font-size: 90%;\">&#x26a0;&#xfe0f; <strong>Advertencias<\/strong><\/span><\/h3>\n<p><strong>&#x1f6ab; No superar<\/strong> la dosis diaria expresamente recomendada.<br \/>&#x1f476; <strong>Mantener fuera del alcance<\/strong> de los ni\u00f1os m\u00e1s peque\u00f1os.<br \/>&#x1f957; <strong>Los complementos alimenticios<\/strong> no deben utilizarse como sustitutos de una dieta equilibrada y variada ni un modo de vida sano.<br \/>&#x2744;&#xfe0f; <strong>Almacene en un lugar fresco, seco y alejado de la luz solar directa.<\/strong><br \/>&#x1f512; <strong>No use este producto<\/strong> si el sello de seguridad est\u00e1 roto o falta.<\/p>\n","protected":false},"excerpt":{"rendered":"<p>&#x1f525;&#x274c; Los SPMs Pro de vibefarma <strong>son\u00a0una formulaci\u00f3n avanzada que contiene SPMs estandarizados (18-HEPE, 17-HDHA, 14-HDHA)<\/strong> en una innovadora nano-emulsi\u00f3n patentada (Lipinova\u00ae). <span class=\"OYPEnA font-feature-liga-off font-feature-clig-off font-feature-calt-off text-decoration-none text-strikethrough-none\">Los SPMs son l\u00edpidos bioactivos derivados de \u00e1cidos grasos omega-3, como el EPA y el DHA.<\/span><\/p>\n","protected":false},"featured_media":45656,"template":"","meta":{"_daextinma_seo_power":"","_daextinma_enable_ail":""},"product_brand":[140],"product_cat":[20],"product_tag":[127],"class_list":{"0":"post-45599","1":"product","2":"type-product","3":"status-publish","4":"has-post-thumbnail","6":"product_brand-vibefarma","7":"product_cat-omega-3-ifos-certificado","8":"product_tag-pro","10":"first","11":"instock","12":"taxable","13":"shipping-taxable","14":"purchasable","15":"product-type-variable","16":"has-default-attributes"},"_links":{"self":[{"href":"https:\/\/staging.vibefarma.com\/b2b\/wp-json\/wp\/v2\/product\/45599","targetHints":{"allow":["GET"]}}],"collection":[{"href":"https:\/\/staging.vibefarma.com\/b2b\/wp-json\/wp\/v2\/product"}],"about":[{"href":"https:\/\/staging.vibefarma.com\/b2b\/wp-json\/wp\/v2\/types\/product"}],"wp:featuredmedia":[{"embeddable":true,"href":"https:\/\/staging.vibefarma.com\/b2b\/wp-json\/wp\/v2\/media\/45656"}],"wp:attachment":[{"href":"https:\/\/staging.vibefarma.com\/b2b\/wp-json\/wp\/v2\/media?parent=45599"}],"wp:term":[{"taxonomy":"product_brand","embeddable":true,"href":"https:\/\/staging.vibefarma.com\/b2b\/wp-json\/wp\/v2\/product_brand?post=45599"},{"taxonomy":"product_cat","embeddable":true,"href":"https:\/\/staging.vibefarma.com\/b2b\/wp-json\/wp\/v2\/product_cat?post=45599"},{"taxonomy":"product_tag","embeddable":true,"href":"https:\/\/staging.vibefarma.com\/b2b\/wp-json\/wp\/v2\/product_tag?post=45599"}],"curies":[{"name":"wp","href":"https:\/\/api.w.org\/{rel}","templated":true}]}}